{"id":12,"date":"2024-02-25T14:36:11","date_gmt":"2024-02-25T13:36:11","guid":{"rendered":"http:\/\/p662430.webspaceconfig.de\/?page_id=12"},"modified":"2024-03-04T14:39:20","modified_gmt":"2024-03-04T13:39:20","slug":"branchen","status":"publish","type":"page","link":"https:\/\/www.apelt-gmbh.de\/de\/branchen\/","title":{"rendered":"Branchen"},"content":{"rendered":"<section class=\"module-heroimage\">\r\n                <img loading=\"lazy\" decoding=\"async\" width=\"2543\" height=\"669\" src=\"https:\/\/www.apelt-gmbh.de\/wp-content\/uploads\/2024\/02\/branchen-apelt-g.webp\" class=\"attachment-full size-full\" alt=\"\" srcset=\"https:\/\/www.apelt-gmbh.de\/wp-content\/uploads\/2024\/02\/branchen-apelt-g.webp 2543w, https:\/\/www.apelt-gmbh.de\/wp-content\/uploads\/2024\/02\/branchen-apelt-g-300x79.webp 300w, https:\/\/www.apelt-gmbh.de\/wp-content\/uploads\/2024\/02\/branchen-apelt-g-1024x269.webp 1024w, https:\/\/www.apelt-gmbh.de\/wp-content\/uploads\/2024\/02\/branchen-apelt-g-768x202.webp 768w, https:\/\/www.apelt-gmbh.de\/wp-content\/uploads\/2024\/02\/branchen-apelt-g-1536x404.webp 1536w, https:\/\/www.apelt-gmbh.de\/wp-content\/uploads\/2024\/02\/branchen-apelt-g-2048x539.webp 2048w\" sizes=\"auto, (max-width: 2543px) 100vw, 2543px\" \/>        <\/section>\n\n<section class=\"module-boxes_parent\">\r\n    <div class=\"container\">\r\n                <div class=\"row\">\r\n            <div class=\"col-md-12\">\r\n            <nav class=\"breadcrumb\"><a href=\"https:\/\/www.apelt-gmbh.de\/de\/\">Startseite<\/a> &nbsp;\/&nbsp; <span class=\"current-page\">Seite<\/span><\/nav>            <\/div>\r\n        <\/div>\r\n                        <div class=\"row\">\r\n            <div class=\"col-md-12\">\r\n                <h1>Branchen<\/h1>\r\n            <\/div>\r\n        <\/div>\r\n                <div class=\"row\">\r\n            <div class=\"col-md-12\">\r\n            \r\n                                    <div class=\"row\">\r\n                                            <div class=\"col-12 col-xxl-6\">\r\n                            <div class=\"box-parent\">\r\n                              \r\n                                <div class=\"image\">\r\n                                    <img loading=\"lazy\" decoding=\"async\" width=\"270\" height=\"290\" src=\"https:\/\/www.apelt-gmbh.de\/wp-content\/uploads\/2024\/02\/luft-und-raumfahrt-apelt-k.jpg\" class=\"attachment-full size-full\" alt=\"\" \/>                                <\/div>\r\n                                <div class=\"text-box\">\r\n                                    <div class=\"text\">\r\n                                        <h2>Luft- und Raumfahrt<\/h2>\r\n                                        <p>Die Luft- und Raumfahrtindustrie spielt bei Apelt eine wichtige Rolle. Sie z\u00e4hlt zu einer der anspruchvollsten Industrien der Welt.<\/p>\r\n                                    <\/div>\r\n                                    <div class=\"link\">\r\n                                        <a href=\"https:\/\/www.apelt-gmbh.de\/de\/branchen\/luft-und-raumfahrt\/\">Mehr<\/a>\r\n                                    <\/div>\r\n                                <\/div>\r\n                            <\/div>\r\n                        <\/div>\r\n                                                <div class=\"col-12 col-xxl-6\">\r\n                            <div class=\"box-parent\">\r\n                              \r\n                                <div class=\"image\">\r\n                                    <img loading=\"lazy\" decoding=\"async\" width=\"270\" height=\"290\" src=\"https:\/\/www.apelt-gmbh.de\/wp-content\/uploads\/2024\/02\/medizintechnik-apelt-k.jpg\" class=\"attachment-full size-full\" alt=\"\" \/>                                <\/div>\r\n                                <div class=\"text-box\">\r\n                                    <div class=\"text\">\r\n                                        <h2>Medizintechnik<\/h2>\r\n                                        <p>Apelt fertigt unverzichtbare medizinische Einrichtungen, die &#8222;am&#8220; Menschen eingesetzt werden.<\/p>\r\n                                    <\/div>\r\n                                    <div class=\"link\">\r\n                                        <a href=\"https:\/\/www.apelt-gmbh.de\/de\/branchen\/medizintechnik\/\">Mehr<\/a>\r\n                                    <\/div>\r\n                                <\/div>\r\n                            <\/div>\r\n                        <\/div>\r\n                                                <div class=\"col-12 col-xxl-6\">\r\n                            <div class=\"box-parent\">\r\n                              \r\n                                <div class=\"image\">\r\n                                    <img loading=\"lazy\" decoding=\"async\" width=\"270\" height=\"290\" src=\"https:\/\/www.apelt-gmbh.de\/wp-content\/uploads\/2024\/02\/mess-und-regeltechnik-apelt-k.jpg\" class=\"attachment-full size-full\" alt=\"\" \/>                                <\/div>\r\n                                <div class=\"text-box\">\r\n                                    <div class=\"text\">\r\n                                        <h2>Mess- und Regeltechnik<\/h2>\r\n                                        <p>Wir fertigen auf h\u00f6chstem Niveau Pr\u00e4zisionsteile f\u00fcr die Umwelttechnik.<\/p>\r\n                                    <\/div>\r\n                                    <div class=\"link\">\r\n                                        <a href=\"https:\/\/www.apelt-gmbh.de\/de\/branchen\/mess-und-regeltechnik\/\">Mehr<\/a>\r\n                                    <\/div>\r\n                                <\/div>\r\n                            <\/div>\r\n                        <\/div>\r\n                                                <div class=\"col-12 col-xxl-6\">\r\n                            <div class=\"box-parent\">\r\n                              \r\n                                <div class=\"image\">\r\n                                    <img loading=\"lazy\" decoding=\"async\" width=\"270\" height=\"290\" src=\"https:\/\/www.apelt-gmbh.de\/wp-content\/uploads\/2024\/02\/maschinenbau-anlagenbau-apelt-k.jpg\" class=\"attachment-full size-full\" alt=\"\" \/>                                <\/div>\r\n                                <div class=\"text-box\">\r\n                                    <div class=\"text\">\r\n                                        <h2>Maschinenbau und Anlagenbau<\/h2>\r\n                                        <p>Hochpr\u00e4zise Teile und Komponenten f\u00fcr den Maschinen- und Anlagenbau.<\/p>\r\n                                    <\/div>\r\n                                    <div class=\"link\">\r\n                                        <a href=\"https:\/\/www.apelt-gmbh.de\/de\/branchen\/mechanical-engineering-and-plant-construction\/\">Mehr<\/a>\r\n                                    <\/div>\r\n                                <\/div>\r\n                            <\/div>\r\n                        <\/div>\r\n                                            <\/div>\r\n                                <\/div>\r\n        <\/div>\r\n    <\/div>\r\n<\/div>\r\n<\/section>","protected":false},"excerpt":{"rendered":"","protected":false},"author":1,"featured_media":0,"parent":0,"menu_order":9,"comment_status":"closed","ping_status":"closed","template":"","meta":{"_acf_changed":false,"footnotes":""},"categories":[],"tags":[],"class_list":["post-12","page","type-page","status-publish","hentry"],"acf":[],"_links":{"self":[{"href":"https:\/\/www.apelt-gmbh.de\/de\/wp-json\/wp\/v2\/pages\/12","targetHints":{"allow":["GET"]}}],"collection":[{"href":"https:\/\/www.apelt-gmbh.de\/de\/wp-json\/wp\/v2\/pages"}],"about":[{"href":"https:\/\/www.apelt-gmbh.de\/de\/wp-json\/wp\/v2\/types\/page"}],"author":[{"embeddable":true,"href":"https:\/\/www.apelt-gmbh.de\/de\/wp-json\/wp\/v2\/users\/1"}],"replies":[{"embeddable":true,"href":"https:\/\/www.apelt-gmbh.de\/de\/wp-json\/wp\/v2\/comments?post=12"}],"version-history":[{"count":4,"href":"https:\/\/www.apelt-gmbh.de\/de\/wp-json\/wp\/v2\/pages\/12\/revisions"}],"predecessor-version":[{"id":187,"href":"https:\/\/www.apelt-gmbh.de\/de\/wp-json\/wp\/v2\/pages\/12\/revisions\/187"}],"wp:attachment":[{"href":"https:\/\/www.apelt-gmbh.de\/de\/wp-json\/wp\/v2\/media?parent=12"}],"wp:term":[{"taxonomy":"category","embeddable":true,"href":"https:\/\/www.apelt-gmbh.de\/de\/wp-json\/wp\/v2\/categories?post=12"},{"taxonomy":"post_tag","embeddable":true,"href":"https:\/\/www.apelt-gmbh.de\/de\/wp-json\/wp\/v2\/tags?post=12"}],"curies":[{"name":"wp","href":"https:\/\/api.w.org\/{rel}","templated":true}]}}