{"id":18,"date":"2024-02-25T14:36:54","date_gmt":"2024-02-25T13:36:54","guid":{"rendered":"http:\/\/p662430.webspaceconfig.de\/?page_id=18"},"modified":"2024-03-05T09:53:12","modified_gmt":"2024-03-05T08:53:12","slug":"agb","status":"publish","type":"page","link":"https:\/\/www.apelt-gmbh.de\/de\/agb\/","title":{"rendered":"AGB"},"content":{"rendered":"<section class=\"module-breadcrumbs\">\r\n    <div class=\"container\">\r\n    <div class=\"row\">\r\n            <div class=\"col-md-12\">\r\n            <nav class=\"breadcrumb\"><a href=\"https:\/\/www.apelt-gmbh.de\/de\/\">Startseite<\/a> &nbsp;\/&nbsp; <span class=\"current-page\">Seite<\/span><\/nav>            <\/div>\r\n    <\/div>\r\n    <\/div>\r\n<\/section>\n\n\n<h1 class=\"wp-block-heading\">Gesch\u00e4fts- und Lieferbedingungen Firma G\u00fcnter Apelt GmbH<\/h1>\n\n\n\n<h2 class=\"wp-block-heading\">\u00a7 1 Geltungsbereich<\/h2>\n\n\n\n<p>Die nachfolgenden Allgemeinen Gesch\u00e4ftsbedingungen gelten ausschlie\u00dflich &#8211; auch wenn im Einzelfall nicht darauf Bezug genommen wird &#8211; f\u00fcr alle unsere Angebote, Lieferungen und Dienstleistungen und insbesondere auch f\u00fcr zuk\u00fcnftige Gesch\u00e4fte. Abweichende Vereinbarungen bed\u00fcrfen zur Wirksamkeit unserer Best\u00e4tigung in Textform. Abweichende Bedingungen des Bestellers gelten auch dann nicht, wenn wir ihnen im Einzelfall nicht ausdr\u00fccklich widersprechen.<\/p>\n\n\n\n<h2 class=\"wp-block-heading\">\u00a7 2 Angebote und Vertragsabschluss<\/h2>\n\n\n\n<p>(1) Unsere Angebote und Kostenvoranschl\u00e4ge erfolgen stets unverbindlich und freibleibend. Ma\u00dfgeblich f\u00fcr den Vertragsabschluss ist unsere Auftragsbest\u00e4tigung in Textform. Abweichende Ma\u00dfe, Gewichte, Abbildungen und Zeichnungen oder sonstige Angaben sind f\u00fcr die Ausf\u00fchrung nur verbindlich, wenn diese ausdr\u00fccklich in Textform best\u00e4tigt werden. Die technischen Daten unserer eigenen und der in unserem Handelsprogramm befindlichen Produkte gelten unter dem Vorbehalt der \u00c4nderung.<\/p>\n\n\n\n<p>(2) F\u00fcr den Umfang des Auftrags ist unsere Auftragsbest\u00e4tigung allein ma\u00dfgebend. Sp\u00e4tere Erg\u00e4nzungen, Ab\u00e4nderungen oder sonstige Nebenabreden bed\u00fcrfen zu ihrer Wirksamkeit unserer Best\u00e4tigung in Textform.<\/p>\n\n\n\n<h2 class=\"wp-block-heading\">\u00a7 3 Preise<\/h2>\n\n\n\n<p>(1) Die vereinbarten Preise sind Nettopreise in Euro ohne Verpackung, Fracht und Versicherung. Zu den Preisen kommt die Mehrwertsteuer in der jeweiligen gesetzlichen H\u00f6he hinzu.<\/p>\n\n\n\n<p>(2) F\u00fcr die Berechnung der Nettopreise sind die von uns ermittelten St\u00fcckzahlen, Mengen und Gewichte ma\u00dfgebend, wenn der Empf\u00e4nger nicht unverz\u00fcglich widerspricht.<\/p>\n\n\n\n<p>(3) Wenn sich nach Vertragsabschluss auftragsbezogene Kosten wesentlich \u00e4ndern, sind die Vertragspartner verpflichtet, sich \u00fcber eine Anpassung der Preise zu verst\u00e4ndigen. Wesentlich ist eine \u00c4nderung dann, wenn sich die Entgelte jeweils um mehr als 20 % \u00e4ndern. Scheitert eine Einigung, sind wir binnen zwei Wochen nach Scheitern der Verhandlung zum R\u00fccktritt berechtigt.<\/p>\n\n\n\n<h2 class=\"wp-block-heading\">\u00a7 4 Zahlungsbedingungen<\/h2>\n\n\n\n<p>(1) Wir sind berechtigt, nach Vertragsschluss Vorkasse zu verlangen.<\/p>\n\n\n\n<p>(2) Der Rechnungsbetrag ist bei Lieferung rein netto zur Zahlung f\u00e4llig. Die Gew\u00e4hrung von Rabatten und Skonti bedarf einer gesonderten Vereinbarung, f\u00fcr die Textform ausreicht. Zahlungen sind frei an unsere Zahlstelle zu leisten. Der Barzahlung stehen Zahlungen auf eines unserer Gesch\u00e4ftskonten gleich, sobald wir \u00fcber das Guthaben verf\u00fcgen k\u00f6nnen. Die Annahme von Wechsel oder Schecks erfolgt nur zahlungshalber und unter Ausschluss jedweder Haftung f\u00fcr rechtzeitige oder ordnungsgem\u00e4\u00dfe Vorlegung und Protesterhebung. S\u00e4mtliche anfallenden Spesen und sonstigen Kosten gehen zu Lasten des Bestellers. Als Zahlung gelten Wechsel und Scheck erst nach Einl\u00f6sung.<\/p>\n\n\n\n<p>(3) Kommt der Besteller in Zahlungsverzug, sind wir berechtigt, ohne gesonderten Nachweis, Verzugszinsen in H\u00f6he von 9 Prozentpunkten \u00fcber dem Basiszinssatz zu berechnen.&nbsp;Zugleich sind wir berechtigt, bei Zahlungsverzug eine Pauschale in H\u00f6he von \u20ac 40 zu verlangen.<\/p>\n\n\n\n<p>(4) Bei Ratenzahlung wird der gesamte Restbetrag sofort f\u00e4llig, wenn der Besteller in R\u00fcckstand ger\u00e4t.<\/p>\n\n\n\n<p>(5) Die Aufrechnung ist nur mit unbestrittenen oder rechtskr\u00e4ftig festgestellten Forderungen zul\u00e4ssig. Ein Zur\u00fcckbehaltungsrecht des Bestellers ist ausgeschlossen, soweit es nicht auf demselben Vertragsverh\u00e4ltnis beruht.<\/p>\n\n\n\n<p>(6) Wir sind ferner berechtigt, f\u00fcr erbrachte Leistungen Abschlagszahlungen zu verlangen.<\/p>\n\n\n\n<h2 class=\"wp-block-heading\">\u00a7 5 Lieferung<\/h2>\n\n\n\n<p>(1) Wir liefern ab unserem Werk oder Auslieferungslager, sofern nicht ausdr\u00fccklich etwas anderes vereinbart ist.<\/p>\n\n\n\n<p>(2) Genannte Liefertermine gelten nur als unverbindliche Richtlinien, sofern sie nicht ausdr\u00fccklich als verbindlich bezeichnet sind.<\/p>\n\n\n\n<p>(3) Die Lieferfrist beginnt mit der Absendung der Auftragsbest\u00e4tigung, jedoch nicht vor Beibringung der vom Besteller zu beschaffenden Unterlagen, Genehmigungen, Freigaben sowie vor Eingang einer vereinbarten Anzahlung.<\/p>\n\n\n\n<p>(4) Die Lieferfrist ist eingehalten, wenn bis zu ihrem Ablauf die Absendung des Auftragsgegenstandes erfolgt oder die Versandbereitschaft dem Besteller mitgeteilt ist.<\/p>\n\n\n\n<p>(5) Unvorhergesehene Ereignisse, die au\u00dferhalb unseres Willens liegen (z.B. Betriebsst\u00f6rungen, Streik, Aussperrung bei uns, einem unserer Zulieferer oder bei einem Transportunternehmen), verl\u00e4ngern die Lieferzeit angemessen. Das Gleiche gilt bei nachtr\u00e4glicher \u00c4nderung der Bestellung.<\/p>\n\n\n\n<p>(6) Richtige und rechtzeitige Selbstbelieferung bleibt vorbehalten. Des Weiteren sind wir berechtigt, den vereinbarten Auftragsgegenstand zu \u00e4ndern oder von ihm abzuweichen, wenn diese \u00c4nderung oder Abweichung unter Ber\u00fccksichtigung unserer Interessen (bspw. technische \u00c4nderungen) dem Besteller zumutbar ist.<\/p>\n\n\n\n<p>(7) Im Falle des Lieferverzuges kann der Besteller, nachdem er uns eine angemessene Frist zur Leistung gesetzt hat, hinsichtlich des noch nicht erf\u00fcllten Teils vom Vertrag zur\u00fcckzutreten. Der Besteller kann vom gesamten Vertrag nur zur\u00fccktreten, wenn er an der Teilleistung kein Interesse hat.<\/p>\n\n\n\n<p>(8) Wird die Lieferung auf Wunsch des Bestellers verz\u00f6gert oder ger\u00e4t der Besteller in Annahmeverzug, so werden ihm ab dem auf die Mitteilung der Bereitstellung der Auftragsgegenst\u00e4nde folgenden Kalendermonat die durch die Lagerung entstandenen Kosten berechnet. Wir sind jedoch berechtigt, nach Ablauf einer angemessenen Frist anderweitig \u00fcber den Auftragsgegenstand zu verf\u00fcgen und den Besteller mit angemessen verl\u00e4ngerter Lieferfrist neu zu beliefern.<\/p>\n\n\n\n<h2 class=\"wp-block-heading\">\u00a7 6 Gefahr\u00fcbergang<\/h2>\n\n\n\n<p>(1) Die Gefahr geht auf den Besteller \u00fcber, wenn die Auftragsgegenst\u00e4nde unser Werk oder Lager verlassen, gleichg\u00fcltig ob mit eigenen oder fremden Transportmitteln. Liefern wir Software, geht die Gefahr mit Abnahme \u00fcber.<\/p>\n\n\n\n<p>(2) Verz\u00f6gert sich die Lieferung aufgrund eines vom Besteller zu vertretenden Umstandes, geht die Gefahr mit der Mitteilung der Bereitstellung der Auftragsgegenst\u00e4nde auf den Besteller \u00fcber. Das gilt auch dann, wenn Teillieferungen erfolgen oder wir noch andere Leistungen, z.B. die Versendungskosten, Anfuhr oder Aufstellung \u00fcbernommen haben.<\/p>\n\n\n\n<p>(3) Ohne besonderes Verlangen des Bestellers wird eine Lieferung nicht gegen Bruch- und Transportsch\u00e4den, Feuer, Diebstahl o.\u00c4. versichert. Verlangt der Besteller den Abschluss einer Versicherung, wird diese auf Kosten des Bestellers abgeschlossen.<\/p>\n\n\n\n<h2 class=\"wp-block-heading\">\u00a7 7 Eigentumsvorbehalt<\/h2>\n\n\n\n<p>(1) Wir behalten uns das Eigentum an s\u00e4mtlichen Auftragsgegenst\u00e4nden bis zur vollst\u00e4ndigen Bezahlung aller gegenw\u00e4rtigen und k\u00fcnftigen Forderungen aus der Gesch\u00e4ftsverbindung mit dem Besteller vor. Dies gilt ohne R\u00fccksicht auf den Rechtsgrund und die Entstehungszeit der Forderungen, insbesondere also auch f\u00fcr Forderungen aus Wechsel, Scheck, Anweisung oder dem vom Besteller auszugleichenden Saldo aus einem bestehenden Kontokorrentverh\u00e4ltnis.<\/p>\n\n\n\n<p>(2) Der Besteller darf einen unter Eigentumsvorbehalt stehenden Auftragsgegenstand weder verpf\u00e4nden noch zur Sicherung \u00fcbereignen. Bei Pf\u00e4ndung, Beschlagnahme oder sonstigen Verf\u00fcgungen durch dritte Hand, hat er uns unverz\u00fcglich zu benachrichtigen. Er darf unter Eigentumsvorbehalt stehende Auftragsgegenst\u00e4nde nur im ordnungsgem\u00e4\u00dfen Gesch\u00e4ftsbetrieb weiterver\u00e4u\u00dfern, sofern die Forderung aus der Weiterver\u00e4u\u00dferung auf uns \u00fcbergeht. F\u00fcr den Fall der Weiterver\u00e4u\u00dferung tritt der Besteller schon jetzt seine Forderungen aus der Weiterver\u00e4u\u00dferung von Auftragsgegenst\u00e4nden einschlie\u00dflich der entsprechenden Forderungen aus Wechsel oder Schecks mit allen Nebenrechten an uns ab. F\u00fcr den Fall, dass ein Auftragsgegenstand zusammen mit anderen, uns nicht geh\u00f6renden Waren, zu einem Gesamtpreis verkauft wird, erfolgt die Abtretung nur in H\u00f6he des Betrages, den wir dem Besteller f\u00fcr den mitver\u00e4u\u00dferten Auftragsgegenstand einschlie\u00dflich Mehrwertsteuer berechnet haben. Einer besonderen Abtretungserkl\u00e4rung f\u00fcr den einzelnen Verkaufsfall bedarf es nicht.<\/p>\n\n\n\n<p>(3) Der Besteller zieht die Forderungen aus der Weiterver\u00e4u\u00dferung treuh\u00e4nderisch ein, solange wir hiermit einverstanden sind. Auf unser Verlangen teilt er seinen Kunden die Abtretung unter gleichzeitiger Anzeige an uns mit.<\/p>\n\n\n\n<p>(4) Bei Verarbeitung, Verbindung oder Vermischung eines Auftragsgegenstandes mit anderen, uns nicht geh\u00f6renden Sachen, \u00fcbertr\u00e4gt uns der Besteller hiermit einen Miteigentumsanteil an der neuen Sache in H\u00f6he des dem Besteller berechneten Verkaufspreises einschlie\u00dflich Mehrwertsteuer. Die neue Sache verwahrt der Besteller unentgeltlich f\u00fcr uns.<\/p>\n\n\n\n<p>(5) \u00dcbersteigt der Wert der uns gegebenen Sicherungen unsere Forderungen insgesamt um mehr als 20 %, so sind wir auf Verlangen des Bestellers insoweit zur Freigabe von Sicherheiten nach unserer Wahl verpflichtet.<\/p>\n\n\n\n<p>(6) Bei einer Pflichtverletzung des Bestellers, insbesondere bei Zahlungsverzug, sind wir nach R\u00fccktritt vom Vertrag zur R\u00fccknahme des Auftragsgegenstandes berechtigt und der Besteller zur Herausgabe verpflichtet. Die Kosten der R\u00fccknahme hat in diesem Fall der Besteller zu ersetzen. F\u00fcr die Benutzung gelieferter und wieder zur\u00fcckgeholter Gegenst\u00e4nde steht uns als Nutzungsentsch\u00e4digung und zur Abgeltung einer eingetretenen Wertminderung ein Betrag zu, der dem markt\u00fcblichen Mietpreis f\u00fcr die Nutzungsdauer entspricht. Dem Besteller ist jedoch der Nachweis gestattet, dass uns ein Schaden nicht entstanden ist oder unser Schaden wesentlich niedriger als die Pauschale ist.<\/p>\n\n\n\n<h2 class=\"wp-block-heading\">\u00a7 8 Pfandrecht<\/h2>\n\n\n\n<p>Zur Sicherung unserer Forderungen steht uns aus dem Auftrag ein vertragliches Pfandrecht an dem in unseren Besitz gelangten Auftragsgegenstand zu. Das vertragliche Pfandrecht kann auch wegen Forderungen aus fr\u00fcher durchgef\u00fchrten Auftr\u00e4gen oder sonstigen Leistungen geltend gemacht werden, soweit diese mit dem Auftragsgegenstand im Zusammenhang stehen. F\u00fcr weitere Anspr\u00fcche aus der Gesch\u00e4ftsverbindung steht uns ein vertragliches Pfandrecht nur dann zu, soweit diese Anspr\u00fcche unbestritten sind oder ein rechtskr\u00e4ftiger Titel vorliegt und der Auftragsgegenstand dem Besteller geh\u00f6rt.<\/p>\n\n\n\n<h2 class=\"wp-block-heading\">\u00a7 9 Sachmangel\/Garantie<\/h2>\n\n\n\n<p>(1) Bei Lieferung neuer Sachen betr\u00e4gt die Frist wegen M\u00e4ngelanspr\u00fcchen zwei Jahre und beginnt mit der Ablieferung bzw. Abnahme der Auftragsgegenst\u00e4nde. F\u00fcr gebrauchte Gegenst\u00e4nde sind M\u00e4ngelanspr\u00fcche ausgeschlossen. Die Verk\u00fcrzung der Verj\u00e4hrung (Satz 1) bzw. der Ausschluss der M\u00e4ngelanspr\u00fcche (Satz 2) gilt nicht f\u00fcr Sch\u00e4den wegen einer Verletzung des Lebens, des K\u00f6rpers oder der Gesundheit oder solche Sch\u00e4den, die durch uns oder durch unsere Erf\u00fcllungsgehilfen grob fahrl\u00e4ssig oder vors\u00e4tzlich verursacht worden sind.<\/p>\n\n\n\n<p>(2) Offensichtliche M\u00e4ngel an der Sache selbst oder an der Montageanleitung, soweit vorhanden, Falschlieferungen und Mengenabweichungen sind unverz\u00fcglich nach Feststellung des Mangels, sp\u00e4testens aber 14 Tage nach Erhalt der Auftragsgegenst\u00e4nde, in Textform geltend zu machen.<\/p>\n\n\n\n<p>(3) Ist die gelieferte Sache mangelhaft, werden wir nach unserer Wahl M\u00e4ngel am Auftragsgegenstand beseitigen oder den Auftragsgegenstand ersetzen. Ersetzte Teile gehen in unser Eigentum \u00fcber. Die Mehrkosten der M\u00e4ngelbeseitigung oder Ersatzlieferung, die dadurch entstanden sind, dass der Besteller den Auftragsgegenstand nach der Lieferung an einen anderen Ort als den urspr\u00fcnglichen Lieferort verbracht hat, \u00fcbernehmen wir nicht, es sei denn, die Verbringung entspricht dem bestimmungsgem\u00e4\u00dfen Gebrauch.<\/p>\n\n\n\n<p>(4) Haben wir die M\u00e4ngelbeseitigung und Ersatzlieferung wegen unverh\u00e4ltnism\u00e4\u00dfiger Kosten verweigert, oder sollte die &#8211; gegebenenfalls mindestens 2-mal zu wiederholende &#8211; Nachbesserung oder Ersatzlieferung endg\u00fcltig fehlschlagen oder f\u00fcr den Besteller unzumutbar sein, kann dieser nach seiner Wahl Herabsetzung der Verg\u00fctung verlangen oder vom Vertrag zur\u00fccktreten, wenn der Mangel erheblich ist. Die weitergehenden Anspr\u00fcche des Bestellers richten sich nach \u00a7 10 (Haftung).<\/p>\n\n\n\n<p>(5) Erweist sich eine M\u00e4ngelr\u00fcge als unbegr\u00fcndet, so tr\u00e4gt der Besteller die durch unsere Inanspruchnahme entstandenen Kosten nach den zu diesem Zeitpunkt von uns allgemein berechneten S\u00e4tzen.<\/p>\n\n\n\n<p>(6) Garantien betreffend der Beschaffenheit und\/oder Haltbarkeit des Auftragsgegenstands sind nur wirksam, wenn wir eine Garantieerkl\u00e4rung in Textform abgeben.<\/p>\n\n\n\n<p>(7) R\u00fcckgriffsanspr\u00fcche des Bestellers aufgrund \u00a7 478 BGB (R\u00fcckgriff des Unternehmers) bestehen nur insoweit, als der Besteller mit seinem Abnehmer keine \u00fcber die gesetzlichen M\u00e4ngelanspr\u00fcche hinausgehende Vereinbarung getroffen hat.<\/p>\n\n\n\n<h2 class=\"wp-block-heading\">\u00a7 10 Haftung<\/h2>\n\n\n\n<p>(1) Die Haftung f\u00fcr Personensch\u00e4den richtet sich nach den gesetzlichen Bestimmungen.<\/p>\n\n\n\n<p>(2) Sonstige Schadensersatzanspr\u00fcche oder Anspr\u00fcche auf Ersatz vergeblicher Aufwendungen des Bestellers, die auf Verletzung unserer vertraglichen oder gesetzlichen Pflichten beruhen, sind ausgeschlossen. Insbesondere haften wir nicht f\u00fcr Sch\u00e4den, die an dem Auftragsgegenstand selbst entstanden sind. Des Weiteren haften wir nicht f\u00fcr entgangenen Gewinn, ausgebliebene Einsparungen oder sonstige Verm\u00f6genssch\u00e4den.<\/p>\n\n\n\n<p>(3) Vorgenannter Haftungsausschluss gilt nicht, wenn der Schaden durch uns oder durch unsere Erf\u00fcllungsgehilfen vors\u00e4tzlich oder grob fahrl\u00e4ssig verursacht worden ist, wir eine Garantie oder ein Beschaffungsrisiko \u00fcbernommen haben. Wenn wir wesentliche Vertragspflichten verletzen, haften wir auch f\u00fcr leichte Fahrl\u00e4ssigkeit, es sei denn, es handelt sich um vertragsuntypische, nicht vorhersehbare Sch\u00e4den.<\/p>\n\n\n\n<p>(4) Haben wir einen Schaden, f\u00fcr welchen die Haftung nicht nach diesem Paragraphen ausgeschlossen ist, nur fahrl\u00e4ssig verursacht, ist die Haftung auf \u20ac 3.000.000.- je Schadensfall und \u20ac 9.000.000.- je Kalenderjahr insgesamt, die Haftung f\u00fcr Verm\u00f6genssch\u00e4den auf \u20ac 50.000.- je Schadensfall und \u20ac 100.000.- je Kalenderjahr insgesamt, beschr\u00e4nkt. Diese Haftungsbegrenzung gilt nicht f\u00fcr Personensch\u00e4den (Ziffer 1).<\/p>\n\n\n\n<p>(5) Das Recht des Bestellers, vom Vertrag zur\u00fcckzutreten wird durch die vorstehenden Vorschriften nicht eingeschr\u00e4nkt. Dasselbe gilt f\u00fcr die Haftung nach dem Produkthaftungsgesetz.<\/p>\n\n\n\n<h2 class=\"wp-block-heading\">\u00a7 11 Unwirksamkeit einzelner Bestimmungen<\/h2>\n\n\n\n<p>Die Unwirksamkeit einzelner Bestimmungen dieser Gesch\u00e4ftsbedingungen ber\u00fchrt die G\u00fcltigkeit der \u00fcbrigen&nbsp;Bestimmungen nicht.<\/p>\n\n\n\n<h2 class=\"wp-block-heading\">\u00a7 12 Rechtswahl, Erf\u00fcllungsort und Gerichtsstand<\/h2>\n\n\n\n<p>(1) Auf alle mit uns bestehenden Rechtsbeziehungen ist deutsches Recht anzuwenden. Deutsches Recht ist auch f\u00fcr die Anwendung dieser Allgemeinen Gesch\u00e4ftsbedingungen ma\u00dfgebend. Die Anwendung des \u00dcbereinkommens der Vereinten Nationen vom 11.04.1980 \u00fcber Vertr\u00e4ge \u00fcber den Warenkauf (CISG &#8211; \u201cWiener Kaufrecht\u201d) ist ausgeschlossen.<\/p>\n\n\n\n<p>(2) Im Gesch\u00e4ftsverkehr mit Kaufleuten, Unternehmern, juristischen Personen des \u00f6ffentlichen Rechts oder \u00f6ffentlich-rechtlichen Sonderverm\u00f6gen ist 72336 Balingen f\u00fcr beide Parteien Erf\u00fcllungsort und Gerichtsstand. Das gilt f\u00fcr alle gegenw\u00e4rtigen und zuk\u00fcnftigen Anspr\u00fcche aus der Gesch\u00e4ftsverbindung, insbesondere auch f\u00fcr Klagen im Wechsel- und Urkundenprozess. Wir sind nach unserer Wahl auch berechtigt, am Hauptsitz des Bestellers zu klagen.<\/p>\n\n\n\n<p>Stand: 10.05.2017<\/p>\n","protected":false},"excerpt":{"rendered":"<p>Gesch\u00e4fts- und Lieferbedingungen Firma G\u00fcnter Apelt GmbH \u00a7 1 Geltungsbereich Die nachfolgenden Allgemeinen Gesch\u00e4ftsbedingungen gelten ausschlie\u00dflich &#8211; auch wenn im Einzelfall nicht darauf Bezug genommen wird &#8211; f\u00fcr alle unsere Angebote, Lieferungen und Dienstleistungen und insbesondere auch f\u00fcr zuk\u00fcnftige Gesch\u00e4fte. Abweichende Vereinbarungen bed\u00fcrfen zur Wirksamkeit unserer Best\u00e4tigung in Textform. Abweichende Bedingungen des Bestellers gelten auch [&hellip;]<\/p>\n","protected":false},"author":1,"featured_media":0,"parent":0,"menu_order":2,"comment_status":"closed","ping_status":"closed","template":"template-sidebar.php","meta":{"_acf_changed":false,"footnotes":""},"categories":[],"tags":[],"class_list":["post-18","page","type-page","status-publish","hentry"],"acf":[],"_links":{"self":[{"href":"https:\/\/www.apelt-gmbh.de\/de\/wp-json\/wp\/v2\/pages\/18","targetHints":{"allow":["GET"]}}],"collection":[{"href":"https:\/\/www.apelt-gmbh.de\/de\/wp-json\/wp\/v2\/pages"}],"about":[{"href":"https:\/\/www.apelt-gmbh.de\/de\/wp-json\/wp\/v2\/types\/page"}],"author":[{"embeddable":true,"href":"https:\/\/www.apelt-gmbh.de\/de\/wp-json\/wp\/v2\/users\/1"}],"replies":[{"embeddable":true,"href":"https:\/\/www.apelt-gmbh.de\/de\/wp-json\/wp\/v2\/comments?post=18"}],"version-history":[{"count":3,"href":"https:\/\/www.apelt-gmbh.de\/de\/wp-json\/wp\/v2\/pages\/18\/revisions"}],"predecessor-version":[{"id":543,"href":"https:\/\/www.apelt-gmbh.de\/de\/wp-json\/wp\/v2\/pages\/18\/revisions\/543"}],"wp:attachment":[{"href":"https:\/\/www.apelt-gmbh.de\/de\/wp-json\/wp\/v2\/media?parent=18"}],"wp:term":[{"taxonomy":"category","embeddable":true,"href":"https:\/\/www.apelt-gmbh.de\/de\/wp-json\/wp\/v2\/categories?post=18"},{"taxonomy":"post_tag","embeddable":true,"href":"https:\/\/www.apelt-gmbh.de\/de\/wp-json\/wp\/v2\/tags?post=18"}],"curies":[{"name":"wp","href":"https:\/\/api.w.org\/{rel}","templated":true}]}}