{"id":24,"date":"2024-02-25T14:34:24","date_gmt":"2024-02-25T13:34:24","guid":{"rendered":"http:\/\/p662430.webspaceconfig.de\/?page_id=24"},"modified":"2024-04-25T14:19:57","modified_gmt":"2024-04-25T12:19:57","slug":"ueber-uns","status":"publish","type":"page","link":"https:\/\/www.apelt-gmbh.de\/de\/unternehmen\/ueber-uns\/","title":{"rendered":"\u00dcber uns"},"content":{"rendered":"\n<h1 class=\"wp-block-heading\">\u00dcber uns<\/h1>\n\n\n\n<h2 class=\"wp-block-heading\">Qualitatives High-End seit 1965<\/h2>\n\n\n\n<p>Apelt ist Ihr Ansprechpartner f\u00fcr Pr\u00e4zisionsteile in den Bereichen&nbsp;<a href=\"https:\/\/www.apelt-gmbh.de\/de\/branchen\/luft-und-raumfahrt\">Luft- und Raumfahrt<\/a>, Hydraulik,&nbsp;<a href=\"https:\/\/www.apelt-gmbh.de\/de\/branchen\/maschinenbau-und-anlagenbau\">Maschinenbau<\/a>, Pneumatik sowie&nbsp;<a href=\"https:\/\/www.apelt-gmbh.de\/de\/branchen\/mess-und-regeltechnik\">Mess- und Regeltechnik<\/a>. Mit \u00fcber 50 Jahren Erfahrung kennen wir die hohen Anspr\u00fcche unserer Kunden an moderne Bearbeitungs- und Messverfahren bestens und setzen sie jeden Tag individuell aufs Neue um.<\/p>\n\n\n\n<p>Um unseren Kunden \u201eabsolute Pr\u00e4zision\u201c und Qualit\u00e4t auf h\u00f6chstem Niveau bieten zu k\u00f6nnen, investieren wir st\u00e4ndig in neue Technologien und einen top aktuellen&nbsp;<a href=\"https:\/\/www.apelt-gmbh.de\/images\/apelt\/downloads\/apelt-maschinenliste-de2018-k.pdf\" target=\"_blank\" rel=\"noreferrer noopener\">Maschinenpark<\/a>.<\/p>\n\n\n\n<figure class=\"wp-block-video\"><\/figure>\n","protected":false},"excerpt":{"rendered":"<p>Apelt ist Ihr Ansprechpartner f\u00fcr Pr\u00e4zisionsteile in den Bereichen Luft- und Raumfahrt, Hydraulik, Maschinenbau uvm.<\/p>\n","protected":false},"author":1,"featured_media":196,"parent":8,"menu_order":25,"comment_status":"closed","ping_status":"closed","template":"template-sidebar.php","meta":{"_acf_changed":false,"footnotes":""},"categories":[],"tags":[],"class_list":["post-24","page","type-page","status-publish","has-post-thumbnail","hentry"],"acf":[],"_links":{"self":[{"href":"https:\/\/www.apelt-gmbh.de\/de\/wp-json\/wp\/v2\/pages\/24","targetHints":{"allow":["GET"]}}],"collection":[{"href":"https:\/\/www.apelt-gmbh.de\/de\/wp-json\/wp\/v2\/pages"}],"about":[{"href":"https:\/\/www.apelt-gmbh.de\/de\/wp-json\/wp\/v2\/types\/page"}],"author":[{"embeddable":true,"href":"https:\/\/www.apelt-gmbh.de\/de\/wp-json\/wp\/v2\/users\/1"}],"replies":[{"embeddable":true,"href":"https:\/\/www.apelt-gmbh.de\/de\/wp-json\/wp\/v2\/comments?post=24"}],"version-history":[{"count":6,"href":"https:\/\/www.apelt-gmbh.de\/de\/wp-json\/wp\/v2\/pages\/24\/revisions"}],"predecessor-version":[{"id":688,"href":"https:\/\/www.apelt-gmbh.de\/de\/wp-json\/wp\/v2\/pages\/24\/revisions\/688"}],"up":[{"embeddable":true,"href":"https:\/\/www.apelt-gmbh.de\/de\/wp-json\/wp\/v2\/pages\/8"}],"wp:featuredmedia":[{"embeddable":true,"href":"https:\/\/www.apelt-gmbh.de\/de\/wp-json\/wp\/v2\/media\/196"}],"wp:attachment":[{"href":"https:\/\/www.apelt-gmbh.de\/de\/wp-json\/wp\/v2\/media?parent=24"}],"wp:term":[{"taxonomy":"category","embeddable":true,"href":"https:\/\/www.apelt-gmbh.de\/de\/wp-json\/wp\/v2\/categories?post=24"},{"taxonomy":"post_tag","embeddable":true,"href":"https:\/\/www.apelt-gmbh.de\/de\/wp-json\/wp\/v2\/tags?post=24"}],"curies":[{"name":"wp","href":"https:\/\/api.w.org\/{rel}","templated":true}]}}