{"id":26,"date":"2024-02-25T14:35:37","date_gmt":"2024-02-25T13:35:37","guid":{"rendered":"http:\/\/p662430.webspaceconfig.de\/?page_id=26"},"modified":"2024-03-04T15:51:12","modified_gmt":"2024-03-04T14:51:12","slug":"unternehmenswerte","status":"publish","type":"page","link":"https:\/\/www.apelt-gmbh.de\/de\/unternehmen\/unternehmenswerte\/","title":{"rendered":"Unternehmenswerte"},"content":{"rendered":"\n<h1 class=\"wp-block-heading\">Unternehmenswerte<\/h1>\n\n\n\n<p>Unser Firmengr\u00fcnder G\u00fcnter Apelt hatte 1965 bereits gro\u00dfe Ziele: Pr\u00e4zision auf gleichbleibend hohem Niveau, umfassender Service und ein Kundenkreis mit anspruchsvollen und au\u00dfergew\u00f6hnlichen Aufgaben.<\/p>\n\n\n\n<p>Mit inzwischen \u00fcber 50 Jahren Erfahrung steht die G\u00fcnter Apelt GmbH heute mehr denn je f\u00fcr ein \u00e4u\u00dferst hochwertiges Fertigungsprogramm an Pr\u00e4zisionsteilen f\u00fcr Kunden aus den verschiedensten Branchen:&nbsp;<a href=\"https:\/\/www.apelt-gmbh.de\/de\/branchen\/luft-und-raumfahrt\">Luft- und Raumfahrt<\/a>, Pneumatik und Hydraulik,&nbsp;<a href=\"https:\/\/www.apelt-gmbh.de\/de\/branchen\/maschinenbau-und-anlagenbau\">Maschinenbau und Anlagenbau<\/a>&nbsp;sowie&nbsp;<a href=\"https:\/\/www.apelt-gmbh.de\/de\/branchen\/mess-und-regeltechnik\">Mess- und Regeltechnik<\/a>.<\/p>\n\n\n\n<h2 class=\"wp-block-heading\">Stetigkeit, Vielfalt, Sorgfalt<\/h2>\n\n\n\n<p>Heute ist Apelt ein mittelst\u00e4ndisches Unternehmen hinter dem ein motiviertes, leistungsf\u00e4higes Team und eine beeindruckende maschinelle Ausstattung steht. Dank einer digital basierten Produktionsplanung, die durch ein ERP-System in Echtzeit Zugriff auf s\u00e4mtliche Auslastungsdaten und den Bearbeitungsstand jedes Auftrags erm\u00f6glicht, k\u00f6nnen wir unseren Kunden garantieren, dass sie bei Apelt jederzeit wissen, woran sie sind.<\/p>\n\n\n\n<p>Apelt hat sich im Laufe der Jahre immer weiterentwickelt: Vom reinen Teilefertiger bis zum Systemlieferant fertig montierter Baugruppen. Inzwischen machen diese einen substantiellen Teil des Fertigungsprogramms aus und erbringen einen stetig wachsenden Anteil am Gesamtumsatz.<\/p>\n\n\n\n<p>Stetigkeit, Vielfalt und Sorgfalt waren, sind und bleiben die Werte, an denen Apelt sich selbst t\u00e4glich misst.<\/p>\n\n\n\n<h2 class=\"wp-block-heading\">Komplettservice aus einer Hand<\/h2>\n\n\n\n<p>Apelt fordert viel von sich selbst. So ist es uns wichtig, unseren Kunden dank optimierter, automatisierter Arbeitsprozesse einen schnellen und reibungslosen Komplettservice aus einer Hand bieten zu k\u00f6nnen. Alle Stufen der Wertsch\u00f6pfungskette, angefangen bei der Arbeitsvorbereitung \u00fcber die Fertigung bis hin zur Endkontrolle und Auslieferung, erfolgen schon heute bei Apelt \u00fcber ein durchg\u00e4ngiges System, das auch in Zukunft kontinuierlich weiter ausgebaut wird.<\/p>\n","protected":false},"excerpt":{"rendered":"<p>Pr\u00e4zision auf gleichbleibend hohem Niveau, umfassender Service und ein Kundenkreis mit au\u00dfergew\u00f6hnlichen Aufgaben.<\/p>\n","protected":false},"author":1,"featured_media":203,"parent":8,"menu_order":26,"comment_status":"closed","ping_status":"closed","template":"template-sidebar.php","meta":{"_acf_changed":false,"footnotes":""},"categories":[],"tags":[],"class_list":["post-26","page","type-page","status-publish","has-post-thumbnail","hentry"],"acf":[],"_links":{"self":[{"href":"https:\/\/www.apelt-gmbh.de\/de\/wp-json\/wp\/v2\/pages\/26","targetHints":{"allow":["GET"]}}],"collection":[{"href":"https:\/\/www.apelt-gmbh.de\/de\/wp-json\/wp\/v2\/pages"}],"about":[{"href":"https:\/\/www.apelt-gmbh.de\/de\/wp-json\/wp\/v2\/types\/page"}],"author":[{"embeddable":true,"href":"https:\/\/www.apelt-gmbh.de\/de\/wp-json\/wp\/v2\/users\/1"}],"replies":[{"embeddable":true,"href":"https:\/\/www.apelt-gmbh.de\/de\/wp-json\/wp\/v2\/comments?post=26"}],"version-history":[{"count":4,"href":"https:\/\/www.apelt-gmbh.de\/de\/wp-json\/wp\/v2\/pages\/26\/revisions"}],"predecessor-version":[{"id":328,"href":"https:\/\/www.apelt-gmbh.de\/de\/wp-json\/wp\/v2\/pages\/26\/revisions\/328"}],"up":[{"embeddable":true,"href":"https:\/\/www.apelt-gmbh.de\/de\/wp-json\/wp\/v2\/pages\/8"}],"wp:featuredmedia":[{"embeddable":true,"href":"https:\/\/www.apelt-gmbh.de\/de\/wp-json\/wp\/v2\/media\/203"}],"wp:attachment":[{"href":"https:\/\/www.apelt-gmbh.de\/de\/wp-json\/wp\/v2\/media?parent=26"}],"wp:term":[{"taxonomy":"category","embeddable":true,"href":"https:\/\/www.apelt-gmbh.de\/de\/wp-json\/wp\/v2\/categories?post=26"},{"taxonomy":"post_tag","embeddable":true,"href":"https:\/\/www.apelt-gmbh.de\/de\/wp-json\/wp\/v2\/tags?post=26"}],"curies":[{"name":"wp","href":"https:\/\/api.w.org\/{rel}","templated":true}]}}