{"id":28,"date":"2024-02-25T14:36:48","date_gmt":"2024-02-25T13:36:48","guid":{"rendered":"http:\/\/p662430.webspaceconfig.de\/?page_id=28"},"modified":"2024-03-04T15:51:06","modified_gmt":"2024-03-04T14:51:06","slug":"strategie","status":"publish","type":"page","link":"https:\/\/www.apelt-gmbh.de\/de\/unternehmen\/strategie\/","title":{"rendered":"Strategie"},"content":{"rendered":"\n<h1 class=\"wp-block-heading\">Strategie<\/h1>\n\n\n\n<h2 class=\"wp-block-heading\">Neueste Innovationen f\u00fcr anspruchsvolle Branchen<\/h2>\n\n\n\n<p>Die G\u00fcnter Apelt GmbH ist heute ein mittelst\u00e4ndischer Anbieter von Einzelteilen und&nbsp;<a href=\"https:\/\/www.apelt-gmbh.de\/de\/leistungen\/baugruppen-montage\">Baugruppen<\/a>&nbsp;f\u00fcr anspruchsvolle Branchen. Innovative Fertigungsmethoden, laufende Prozessverbesserungen&nbsp;sowie st\u00e4ndige Kostenoptimierungen sind die Basis f\u00fcr unseren Erfolg. Interne und externe Analysen sowie eine Diagnose des&nbsp;<a href=\"https:\/\/www.apelt-gmbh.de\/de\/unternehmen\/mitgliedschaften\">Fachverbandes Space e. V.<\/a>&nbsp;haben Gesch\u00e4ftsleitung und F\u00fchrungskreis der G\u00fcnter Apelt GmbH zu einer strategischen Positionierung&nbsp;und Neuausrichtung im gesamten Gesch\u00e4ftsfeld der Zerspanung veranlasst.<\/p>\n\n\n\n<h2 class=\"wp-block-heading\">Einsatz von modernsten Fertigungstechnologien<\/h2>\n\n\n\n<p>Durch hohe Qualit\u00e4tsstandards, den Aufbau und Einsatz modernster Fertigungstechnologien und zunehmender Digitalisierung wertsch\u00f6pfender Prozesse wollen wir Apelt in den n\u00e4chsten f\u00fcnf Jahren zum Synonym f\u00fcr Technologief\u00fchrerschaft im Bereich Zerspanung entwickeln. Langfristige und stabile Kunden- und Lieferantenbeziehungen sowie hochqualifizierte und \u2013motivierte Mitarbeiter sind weitere wichtige Eckpfeiler der an den Grunds\u00e4tzen des nachhaltigen Wirtschaftens ausgerichteten Unternehmensstrategie.<\/p>\n\n\n\n<p>Wir setzen uns anspruchsvolle aber realistische Ziele, die wir mit einem umfangreichen Controllingsystem \u00fcber zielf\u00fchrende Kennzahlen steuern und \u00fcberwachen. Alle wesentlichen Ma\u00dfnahmen, Meilensteine und Ergebnisse werden der gesamten Belegschaft zeitnah kommuniziert.<\/p>\n","protected":false},"excerpt":{"rendered":"<p>Wir sind ein mittelst\u00e4ndischer Anbieter von Einzelteilen und Baugruppen f\u00fcr anspruchsvolle Branchen.<\/p>\n","protected":false},"author":1,"featured_media":206,"parent":8,"menu_order":27,"comment_status":"closed","ping_status":"closed","template":"template-sidebar.php","meta":{"_acf_changed":false,"footnotes":""},"categories":[],"tags":[],"class_list":["post-28","page","type-page","status-publish","has-post-thumbnail","hentry"],"acf":[],"_links":{"self":[{"href":"https:\/\/www.apelt-gmbh.de\/de\/wp-json\/wp\/v2\/pages\/28","targetHints":{"allow":["GET"]}}],"collection":[{"href":"https:\/\/www.apelt-gmbh.de\/de\/wp-json\/wp\/v2\/pages"}],"about":[{"href":"https:\/\/www.apelt-gmbh.de\/de\/wp-json\/wp\/v2\/types\/page"}],"author":[{"embeddable":true,"href":"https:\/\/www.apelt-gmbh.de\/de\/wp-json\/wp\/v2\/users\/1"}],"replies":[{"embeddable":true,"href":"https:\/\/www.apelt-gmbh.de\/de\/wp-json\/wp\/v2\/comments?post=28"}],"version-history":[{"count":4,"href":"https:\/\/www.apelt-gmbh.de\/de\/wp-json\/wp\/v2\/pages\/28\/revisions"}],"predecessor-version":[{"id":329,"href":"https:\/\/www.apelt-gmbh.de\/de\/wp-json\/wp\/v2\/pages\/28\/revisions\/329"}],"up":[{"embeddable":true,"href":"https:\/\/www.apelt-gmbh.de\/de\/wp-json\/wp\/v2\/pages\/8"}],"wp:featuredmedia":[{"embeddable":true,"href":"https:\/\/www.apelt-gmbh.de\/de\/wp-json\/wp\/v2\/media\/206"}],"wp:attachment":[{"href":"https:\/\/www.apelt-gmbh.de\/de\/wp-json\/wp\/v2\/media?parent=28"}],"wp:term":[{"taxonomy":"category","embeddable":true,"href":"https:\/\/www.apelt-gmbh.de\/de\/wp-json\/wp\/v2\/categories?post=28"},{"taxonomy":"post_tag","embeddable":true,"href":"https:\/\/www.apelt-gmbh.de\/de\/wp-json\/wp\/v2\/tags?post=28"}],"curies":[{"name":"wp","href":"https:\/\/api.w.org\/{rel}","templated":true}]}}