{"id":32,"date":"2024-02-25T14:39:20","date_gmt":"2024-02-25T13:39:20","guid":{"rendered":"http:\/\/p662430.webspaceconfig.de\/?page_id=32"},"modified":"2024-07-12T14:13:49","modified_gmt":"2024-07-12T12:13:49","slug":"zertifizierungen","status":"publish","type":"page","link":"https:\/\/www.apelt-gmbh.de\/de\/unternehmen\/zertifizierungen\/","title":{"rendered":"Zertifizierungen"},"content":{"rendered":"\n<h1 class=\"wp-block-heading\">Zertifizierungen<\/h1>\n\n\n\n<p><a href=\"https:\/\/www.apelt-gmbh.de\/de\/leistungen\/qualitaetswesen\">Qualit\u00e4tssicherung<\/a>&nbsp;wird bei Apelt naturgem\u00e4\u00df gro\u00dfgeschrieben. Aus diesem Grund halten wir unsere Qualit\u00e4tsmanagement-System-Zertifizierungen st\u00e4ndig aktuell.<\/p>\n\n\n\n<h2 class=\"wp-block-heading\">EN 9100:2018<\/h2>\n\n\n\n<p>EN 9100 ist eine Qualit\u00e4tsmanagement-Norm, die speziell auf die Luftfahrtindustrie ausgerichtet ist. Im Wesentlichen wird in der EN 9100-Norm folgendes festgelegt:<\/p>\n\n\n\n<ul class=\"wp-block-list\">\n<li>L\u00fcckenlos nachvollziehbares Aufzeichnungsverfahren \u00fcber die gesamte Zulieferkette eines Produktes<\/li>\n\n\n\n<li>Definition der Schnittstellen zu Kunden und Luftfahrtbeh\u00f6rden in den Verfahren<\/li>\n\n\n\n<li>Festlegung, Durchf\u00fchrung und Dokumentation von Verifizierungs- und Validierungst\u00e4tigkeiten<\/li>\n\n\n\n<li>Festlegung, Durchf\u00fchrung und Dokumentation von Erstmusterpr\u00fcfungen<\/li>\n<\/ul>\n\n\n\n<p><a href=\"\/wp-content\/uploads\/2024\/05\/Ecertificate-FM-715813-DE.pdf\" target=\"_blank\" rel=\"noreferrer noopener\">Zertifikat EN 9100:2018<\/a><\/p>\n","protected":false},"excerpt":{"rendered":"<p>Qualit\u00e4tssicherung wird bei Apelt naturgem\u00e4\u00df gro\u00dfgeschrieben.<\/p>\n","protected":false},"author":1,"featured_media":215,"parent":8,"menu_order":30,"comment_status":"closed","ping_status":"closed","template":"template-sidebar.php","meta":{"_acf_changed":false,"footnotes":""},"categories":[],"tags":[],"class_list":["post-32","page","type-page","status-publish","has-post-thumbnail","hentry"],"acf":[],"_links":{"self":[{"href":"https:\/\/www.apelt-gmbh.de\/de\/wp-json\/wp\/v2\/pages\/32","targetHints":{"allow":["GET"]}}],"collection":[{"href":"https:\/\/www.apelt-gmbh.de\/de\/wp-json\/wp\/v2\/pages"}],"about":[{"href":"https:\/\/www.apelt-gmbh.de\/de\/wp-json\/wp\/v2\/types\/page"}],"author":[{"embeddable":true,"href":"https:\/\/www.apelt-gmbh.de\/de\/wp-json\/wp\/v2\/users\/1"}],"replies":[{"embeddable":true,"href":"https:\/\/www.apelt-gmbh.de\/de\/wp-json\/wp\/v2\/comments?post=32"}],"version-history":[{"count":5,"href":"https:\/\/www.apelt-gmbh.de\/de\/wp-json\/wp\/v2\/pages\/32\/revisions"}],"predecessor-version":[{"id":722,"href":"https:\/\/www.apelt-gmbh.de\/de\/wp-json\/wp\/v2\/pages\/32\/revisions\/722"}],"up":[{"embeddable":true,"href":"https:\/\/www.apelt-gmbh.de\/de\/wp-json\/wp\/v2\/pages\/8"}],"wp:featuredmedia":[{"embeddable":true,"href":"https:\/\/www.apelt-gmbh.de\/de\/wp-json\/wp\/v2\/media\/215"}],"wp:attachment":[{"href":"https:\/\/www.apelt-gmbh.de\/de\/wp-json\/wp\/v2\/media?parent=32"}],"wp:term":[{"taxonomy":"category","embeddable":true,"href":"https:\/\/www.apelt-gmbh.de\/de\/wp-json\/wp\/v2\/categories?post=32"},{"taxonomy":"post_tag","embeddable":true,"href":"https:\/\/www.apelt-gmbh.de\/de\/wp-json\/wp\/v2\/tags?post=32"}],"curies":[{"name":"wp","href":"https:\/\/api.w.org\/{rel}","templated":true}]}}