{"id":373,"date":"2024-02-26T16:52:27","date_gmt":"2024-02-26T15:52:27","guid":{"rendered":"http:\/\/p662430.webspaceconfig.de\/?page_id=373"},"modified":"2026-02-18T09:05:25","modified_gmt":"2026-02-18T08:05:25","slug":"cnc-dreher-m-w-d","status":"publish","type":"page","link":"https:\/\/www.apelt-gmbh.de\/de\/karriere-de\/cnc-dreher-m-w-d\/","title":{"rendered":"CNC-Dreher\u00a0(m\/w\/d)"},"content":{"rendered":"\n<p>\u00dcber 55 Jahre G\u00fcnter Apelt GmbH. Aus kleinsten Anf\u00e4ngen heraus hat sich ein Unternehmen entwickelt, das in vielen Branchen f\u00fcr seine Pr\u00e4zision und Zuverl\u00e4ssigkeit bekannt ist. L\u00f6sen Sie mit Ihrer Bewerbung Ihre Eintrittskarte in ein junges, dynamisches Team. Arbeiten Sie an modernen, technologisch anspruchsvollen Anlagen und Projekten.<br><br>Durch externe Besetzung suchen wir zum n\u00e4chstm\u00f6glichen Zeitpunkt:<\/p>\n\n\n\n<h1 class=\"wp-block-heading\">CNC-Dreher\u00a0(m\/w\/d)<\/h1>\n\n\n\n<h3 class=\"wp-block-heading\">Ihre Aufgaben:<\/h3>\n\n\n\n<ul class=\"wp-block-list\">\n<li>selbst\u00e4ndiges Bedienen von Drehmaschinen verschiedener Hersteller<\/li>\n\n\n\n<li>\u00dcberwachung und Werkzeugwechsel nach Intervallen<\/li>\n\n\n\n<li>Pr\u00fcfungen nach QM-Vorgaben<\/li>\n\n\n\n<li>Arbeiten im 2-Schichtbetrieb<\/li>\n<\/ul>\n\n\n\n<h3 class=\"wp-block-heading\">Ihr Profil:<\/h3>\n\n\n\n<ul class=\"wp-block-list\">\n<li>abgeschlossene Berufsausbildung zum Industriemechaniker (m\/w\/d) oder \u00e4hnlich<\/li>\n\n\n\n<li>Steuerungskenntnisse (Siemens)<\/li>\n\n\n\n<li>Selbst\u00e4ndige Arbeitsweise<\/li>\n\n\n\n<li>Teamf\u00e4higkeit und Leistungsorientierung<\/li>\n<\/ul>\n\n\n\n<h3 class=\"wp-block-heading\">Wir bieten Ihnen:<\/h3>\n\n\n\n<ul class=\"wp-block-list\">\n<li>attraktive Verg\u00fctung und Pr\u00e4mienm\u00f6glichkeiten<\/li>\n\n\n\n<li>kollegiales Betriebsklima und faires Miteinander<\/li>\n\n\n\n<li>betriebliche Altersvorsorge<\/li>\n\n\n\n<li>abwechslungsreiche T\u00e4tigkeiten<\/li>\n<\/ul>\n\n\n\n<h3 class=\"wp-block-heading\">Interessiert?<\/h3>\n\n\n\n<p>Ihre vollst\u00e4ndigen Bewerbungsunterlagen senden Sie bitte an:<\/p>\n\n\n\n<p><strong>G\u00fcnter Apelt GmbH<\/strong><br>Robert-Bosch-Stra\u00dfe 13<br>72348 Rosenfeld<\/p>\n\n\n\n<p>Tel. +49 7428 9388-0<br><a href=\"mailto:bewerbung@apelt-gmbh.de\">bewerbung@apelt-gmbh.de<\/a><\/p>\n\n\n\n<p><a href=\"\/wp-content\/uploads\/2026\/01\/apelt-dreher-mwd-2026.pdf\" target=\"_blank\" rel=\"noreferrer noopener\">Stellenanzeige als PDF<\/a>&nbsp;<\/p>\n\n\n\n<div style=\"height:75px\" aria-hidden=\"true\" class=\"wp-block-spacer\"><\/div>\n\n\n\n<p><a href=\"\/de\/karriere-de\/\" data-type=\"page\" data-id=\"14\">Zur\u00fcck zur \u00dcbersicht<\/a><\/p>\n","protected":false},"excerpt":{"rendered":"<p>L\u00f6sen Sie Ihre Eintrittskarte in ein junges, dynamisches Team.<\/p>\n","protected":false},"author":1,"featured_media":514,"parent":14,"menu_order":8,"comment_status":"closed","ping_status":"closed","template":"template-karriere.php","meta":{"_acf_changed":false,"footnotes":""},"categories":[],"tags":[],"class_list":["post-373","page","type-page","status-publish","has-post-thumbnail","hentry"],"acf":[],"_links":{"self":[{"href":"https:\/\/www.apelt-gmbh.de\/de\/wp-json\/wp\/v2\/pages\/373","targetHints":{"allow":["GET"]}}],"collection":[{"href":"https:\/\/www.apelt-gmbh.de\/de\/wp-json\/wp\/v2\/pages"}],"about":[{"href":"https:\/\/www.apelt-gmbh.de\/de\/wp-json\/wp\/v2\/types\/page"}],"author":[{"embeddable":true,"href":"https:\/\/www.apelt-gmbh.de\/de\/wp-json\/wp\/v2\/users\/1"}],"replies":[{"embeddable":true,"href":"https:\/\/www.apelt-gmbh.de\/de\/wp-json\/wp\/v2\/comments?post=373"}],"version-history":[{"count":14,"href":"https:\/\/www.apelt-gmbh.de\/de\/wp-json\/wp\/v2\/pages\/373\/revisions"}],"predecessor-version":[{"id":803,"href":"https:\/\/www.apelt-gmbh.de\/de\/wp-json\/wp\/v2\/pages\/373\/revisions\/803"}],"up":[{"embeddable":true,"href":"https:\/\/www.apelt-gmbh.de\/de\/wp-json\/wp\/v2\/pages\/14"}],"wp:featuredmedia":[{"embeddable":true,"href":"https:\/\/www.apelt-gmbh.de\/de\/wp-json\/wp\/v2\/media\/514"}],"wp:attachment":[{"href":"https:\/\/www.apelt-gmbh.de\/de\/wp-json\/wp\/v2\/media?parent=373"}],"wp:term":[{"taxonomy":"category","embeddable":true,"href":"https:\/\/www.apelt-gmbh.de\/de\/wp-json\/wp\/v2\/categories?post=373"},{"taxonomy":"post_tag","embeddable":true,"href":"https:\/\/www.apelt-gmbh.de\/de\/wp-json\/wp\/v2\/tags?post=373"}],"curies":[{"name":"wp","href":"https:\/\/api.w.org\/{rel}","templated":true}]}}