{"id":38,"date":"2024-02-25T11:41:22","date_gmt":"2024-02-25T10:41:22","guid":{"rendered":"http:\/\/p662430.webspaceconfig.de\/?page_id=38"},"modified":"2024-03-04T15:49:12","modified_gmt":"2024-03-04T14:49:12","slug":"cad-cam","status":"publish","type":"page","link":"https:\/\/www.apelt-gmbh.de\/de\/leistungen\/cad-cam\/","title":{"rendered":"CAD\/CAM"},"content":{"rendered":"\n<h1 class=\"wp-block-heading\">CAD\/CAM<\/h1>\n\n\n\n<p>Apelt arbeitet seit 2015 mit der neuen Fertigungsl\u00f6sung Edgecam. Durch dieses CAD\/CAM-System entsteht direkt aus einem 3D-Modell das fertige Produkt.<\/p>\n\n\n\n<p>Mit Edgecam, dem modernen und leistungsf\u00e4higen CAD\/CAM-System, k\u00f6nnen die komplexesten Teile schnell und zuverl\u00e4ssig gefertigt werden. Das System bietet leistungsf\u00e4hige Module f\u00fcr folgende Bearbeitungsarten:<\/p>\n\n\n\n<ul class=\"wp-block-list\">\n<li><a href=\"https:\/\/www.apelt-gmbh.de\/de\/leistungen\/drehen\">Drehen<\/a><\/li>\n\n\n\n<li>Dreh\/Fr\u00e4sen<\/li>\n\n\n\n<li><a href=\"https:\/\/www.apelt-gmbh.de\/de\/leistungen\/fraesen\">Fr\u00e4sen<\/a>&nbsp;bis zur 5-Achsen simultanen Bearbeitung<\/li>\n<\/ul>\n\n\n\n<figure class=\"wp-block-image size-full\"><img loading=\"lazy\" decoding=\"async\" width=\"800\" height=\"450\" src=\"http:\/\/p662430.webspaceconfig.de\/wp-content\/uploads\/2024\/02\/3d-modell-cad-cam-apelt.jpg\" alt=\"\" class=\"wp-image-250\" srcset=\"https:\/\/www.apelt-gmbh.de\/wp-content\/uploads\/2024\/02\/3d-modell-cad-cam-apelt.jpg 800w, https:\/\/www.apelt-gmbh.de\/wp-content\/uploads\/2024\/02\/3d-modell-cad-cam-apelt-300x169.jpg 300w, https:\/\/www.apelt-gmbh.de\/wp-content\/uploads\/2024\/02\/3d-modell-cad-cam-apelt-768x432.jpg 768w\" sizes=\"auto, (max-width: 800px) 100vw, 800px\" \/><figcaption class=\"wp-element-caption\">Beispiel f\u00fcr die Umsetzung vom 3D-Modell zum CNC-Programm<\/figcaption><\/figure>\n\n\n\n<div style=\"height:35px\" aria-hidden=\"true\" class=\"wp-block-spacer\"><\/div>\n\n\n\n<h2 class=\"wp-block-heading\">Die Edgecam-Module im \u00dcberblick<\/h2>\n\n\n\n<h3 class=\"wp-block-heading\">Production Milling\/\u00dcberblick Fr\u00e4sen<\/h3>\n\n\n\n<p>Das Bearbeitungsspektrum von Edgecam reicht von 2,5D- \u00fcber komplexe 3D- bis hin zur 5-Achsen-Simultan-Bearbeitung. Es bietet alle Einstellungen, die der fortgeschrittene Benutzer ben\u00f6tigt.<\/p>\n\n\n\n<h3 class=\"wp-block-heading\">3D-Fr\u00e4sen<\/h3>\n\n\n\n<p>Edgecam 3D-Fr\u00e4sen ist die Komplettl\u00f6sung f\u00fcr die Erstellung qualitativ hochwertiger, kollisionsfreier Werkzeugwege f\u00fcr die Bearbeitung von komplexen Freiformfl\u00e4chen und die Programmierung. Es bietet sowohl die besten Bearbeitungsstrategien f\u00fcr kubische Teile als auch leistungsstarke Funktionen zur Bearbeitung von freien 3D-Volumen- und -Oberfl\u00e4chenmodellen (z. B. Fertigungsstrategien f\u00fcr wellenf\u00f6rmiges Drehen und Fr\u00e4sen).<\/p>\n\n\n\n<h3 class=\"wp-block-heading\">4- und 5-Achsenbearbeitung<\/h3>\n\n\n\n<p>Mit Edgecam k\u00f6nnen 4\/5-Achsen-Simultanbearbeitungen in die Fr\u00e4s- sowie Dreh-\/Fr\u00e4sumgebung integriert werden. Dadurch stehen viele Strategien zur Verf\u00fcgung, um komplexe Bearbeitungsaufgaben und Bauteile mehrachsig zu fr\u00e4sen. Die 4\/5-Achsen-Bearbeitung ist inzwischen in allen Bereichen der Produktion weit verbreitet. Dies resultiert daraus, dass Hightech-Maschinen mittlerweile erschwinglich geworden sind und kompliziertere Formen auch komplexere Werkzeugwege ben\u00f6tigen.<\/p>\n\n\n\n<h3 class=\"wp-block-heading\">Drehen\/Fr\u00e4sen<\/h3>\n\n\n\n<p>Durch Edgecams Dreh-\/Fr\u00e4smodul ist die Programmierung in komplexen Arbeitsr\u00e4umen moderner Werkzeugmaschinen einfacher und sicherer geworden.<\/p>\n\n\n\n<h3 class=\"wp-block-heading\">Drehen<\/h3>\n\n\n\n<p>Alle Achs-Konfigurationen k\u00f6nnen durch Edgecam unterst\u00fctzt werden. Darunter fallen unter anderem einfache 2-Achsen-Drehmaschinen, Mehrspindel-Konfigurationen sowie CAB-Doppelspindel-Maschinen mit Gegenspindel.<\/p>\n\n\n\n<h3 class=\"wp-block-heading\">Workflow<\/h3>\n\n\n\n<p>Durch das Edgecam-Modul \u201eWorkflow\u201c werden die Fertigungskosten gesenkt, die Qualit\u00e4t der gefertigten Bauteile erh\u00f6ht und die Bearbeitungszeiten reduziert.<\/p>\n\n\n\n<h3 class=\"wp-block-heading\">Strategie-Manager<\/h3>\n\n\n\n<p>Der \u201eStrategie-Manager\u201c von Edgecam bietet die bestm\u00f6gliche Kombination aus Regeln, Wissen und Feature-basierter Bearbeitung. Dadurch kann eine schnelle, hochautomatisierte und sichere L\u00f6sung zur NC-Programmierung von Bauteilen erfolgen.<\/p>\n\n\n\n<div style=\"height:35px\" aria-hidden=\"true\" class=\"wp-block-spacer\"><\/div>\n\n\n\n<h2 class=\"wp-block-heading\">3D-Druck bei Apelt<\/h2>\n\n\n\n<p>Bei Apelt ist es uns wichtig, stets mit den neuesten Technologien Schritt zu halten.<\/p>\n\n\n\n<p>Aus diesem Grund haben wir in einen 3D-Drucker investiert, denn Pr\u00e4zision beginnt weit vor der spanenden Fertigung. Wir wollen das neue Ger\u00e4t nicht zur additiven Fertigung einsetzen, sondern das bereits Erreichte sowie Neues damit absichern.<\/p>\n\n\n\n<figure class=\"wp-block-image\"><img decoding=\"async\" src=\"https:\/\/www.apelt-gmbh.de\/images\/apelt\/aktuelles\/3d-drucker-apelt-g.jpg\" alt=\"3D-Drucker Apelt\" title=\"3D-Drucker Apelt\"\/><\/figure>\n\n\n\n<p>Zum einen dient der neue 3D-Drucker als Unterst\u00fctzung unserer Prototyping-Aktivit\u00e4ten, wie z. B.:<\/p>\n\n\n\n<ul class=\"wp-block-list\">\n<li>Zur Absicherung bei Angeboten \u00fcber komplexe Bauteile<\/li>\n\n\n\n<li>Als Hilfsmittel f\u00fcr eine bessere r\u00e4umliche Vorstellung beim Programmieren<\/li>\n\n\n\n<li>Zur Erstellung von Messprogrammen vor Produktionsbeginn<\/li>\n\n\n\n<li>Als Basis f\u00fcr die Pr\u00fcfstrategie in der fertigungsbegleitenden Kontrolle<\/li>\n\n\n\n<li>Zur Fertigung von Montagevorrichtungen und Spannmitteln f\u00fcr empfindliche Bauteile<\/li>\n<\/ul>\n\n\n\n<p>Au\u00dferdem soll der 3D-Drucker die laufende Fertigung unterst\u00fctzen. Dazu z\u00e4hlt z. B. die:<\/p>\n\n\n\n<ul class=\"wp-block-list\">\n<li>Herstellung von speziellen Abfangeinrichtungen zur schonenden Teileentladung an der Maschine<\/li>\n\n\n\n<li>Fertigung von Sonderaufs\u00e4tzen f\u00fcr Blasluft- oder KS-Anschl\u00fcsse f\u00fcr Werkzeuge<\/li>\n\n\n\n<li>Herstellung von sch\u00fctzender Sonderverpackung auf Kundenwunsch<\/li>\n<\/ul>\n\n\n\n<p>Gerne k\u00f6nnen Sie diese Dienstleistungen ab sofort bei uns in Auftrag geben.<\/p>\n","protected":false},"excerpt":{"rendered":"<p>Vom 3D-Modell zum fertigen Produkt: Apelt arbeitet seit 2015 mit der neuen Fertigungsl\u00f6sung Edgecam.<\/p>\n","protected":false},"author":1,"featured_media":0,"parent":10,"menu_order":16,"comment_status":"closed","ping_status":"closed","template":"template-sidebar.php","meta":{"_acf_changed":false,"footnotes":""},"categories":[],"tags":[],"class_list":["post-38","page","type-page","status-publish","hentry"],"acf":[],"_links":{"self":[{"href":"https:\/\/www.apelt-gmbh.de\/de\/wp-json\/wp\/v2\/pages\/38","targetHints":{"allow":["GET"]}}],"collection":[{"href":"https:\/\/www.apelt-gmbh.de\/de\/wp-json\/wp\/v2\/pages"}],"about":[{"href":"https:\/\/www.apelt-gmbh.de\/de\/wp-json\/wp\/v2\/types\/page"}],"author":[{"embeddable":true,"href":"https:\/\/www.apelt-gmbh.de\/de\/wp-json\/wp\/v2\/users\/1"}],"replies":[{"embeddable":true,"href":"https:\/\/www.apelt-gmbh.de\/de\/wp-json\/wp\/v2\/comments?post=38"}],"version-history":[{"count":17,"href":"https:\/\/www.apelt-gmbh.de\/de\/wp-json\/wp\/v2\/pages\/38\/revisions"}],"predecessor-version":[{"id":457,"href":"https:\/\/www.apelt-gmbh.de\/de\/wp-json\/wp\/v2\/pages\/38\/revisions\/457"}],"up":[{"embeddable":true,"href":"https:\/\/www.apelt-gmbh.de\/de\/wp-json\/wp\/v2\/pages\/10"}],"wp:attachment":[{"href":"https:\/\/www.apelt-gmbh.de\/de\/wp-json\/wp\/v2\/media?parent=38"}],"wp:term":[{"taxonomy":"category","embeddable":true,"href":"https:\/\/www.apelt-gmbh.de\/de\/wp-json\/wp\/v2\/categories?post=38"},{"taxonomy":"post_tag","embeddable":true,"href":"https:\/\/www.apelt-gmbh.de\/de\/wp-json\/wp\/v2\/tags?post=38"}],"curies":[{"name":"wp","href":"https:\/\/api.w.org\/{rel}","templated":true}]}}