{"id":48,"date":"2024-02-25T16:42:31","date_gmt":"2024-02-25T15:42:31","guid":{"rendered":"http:\/\/p662430.webspaceconfig.de\/?page_id=48"},"modified":"2024-03-04T15:49:45","modified_gmt":"2024-03-04T14:49:45","slug":"qualitaetswesen","status":"publish","type":"page","link":"https:\/\/www.apelt-gmbh.de\/de\/leistungen\/qualitaetswesen\/","title":{"rendered":"Qualit\u00e4tswesen"},"content":{"rendered":"\n<h1 class=\"wp-block-heading\">Qualit\u00e4tswesen<\/h1>\n\n\n\n<p>Qualit\u00e4t steht f\u00fcr Apelt an erster Stelle. Sie ist eine Anforderung an uns selbst und eine st\u00e4ndige Herausforderung, der wir uns mit klaren Strategien stellen. F\u00fcr uns entsteht Qualit\u00e4t nicht nur durch hervorragende technische Mittel, sondern auch durch das Wissen, K\u00f6nnen und Wollen jedes Einzelnen. Dank der Kombination von Technik und qualifizierten Mitarbeitern k\u00f6nnen wir Ihnen \u00fcberragende Leistungen bieten.<\/p>\n\n\n\n<p>Das CAQ-System mit Pr\u00fcfplanung, fertigungsintegrierten Kontrollen und deren kompletten Dokumentation befindet sich bei Apelt auf denkbar hohem Niveau. Denn Pr\u00e4zision, wie sie bei uns zu finden ist, erfordert absolute Konzentration auf den Prozess ihrer Sicherung. Und dieser Prozess setzt bei uns fr\u00fcher ein als anderswo. Denn wir werden meist schon in der Konstruktionsphase von unseren Kunden eingebunden und gefordert. So entsteht bei Apelt Qualit\u00e4t im High-End-Bereich.<\/p>\n\n\n\n<h2 class=\"wp-block-heading\">Absolut pr\u00e4zise&nbsp;\u2013 das Qualit\u00e4tswesen von Apelt<\/h2>\n\n\n\n<ul class=\"wp-block-list\">\n<li>CNC-3D-Messmaschine mit Tasterwechsler und CAD-Anbindung 500 x 700 x 500 mm<\/li>\n\n\n\n<li>Bildgef\u00fchrtes 3D-Koordinatenmessger\u00e4t<\/li>\n\n\n\n<li>3-D-Messmaschine handgef\u00fchrt<\/li>\n\n\n\n<li>H\u00e4rtepr\u00fcfger\u00e4t f\u00fcr Rockwell, Vickers und Brinell<\/li>\n\n\n\n<li>Profilprojektor mit Kantensensor<\/li>\n\n\n\n<li>Betrachtungsmikroskope<\/li>\n\n\n\n<li>L\u00e4ngenmessger\u00e4te teilweise mit Datenausgang<\/li>\n\n\n\n<li>Konturen-Messplatz f\u00fcr Au\u00dfen- und Innen-Konturen<\/li>\n<\/ul>\n\n\n\n<ul class=\"wp-block-list\">\n<li>CNC-Formmessplatz f\u00fcr Rundheit, Konzentrizit\u00e4t, Koaxialit\u00e4t, Rundlauf, Planlauf, Parallelit\u00e4t, Rechtwinkligkeit, Zylindrizit\u00e4t, Geradheit, Neigung und Fourier-Analyse<\/li>\n\n\n\n<li>Rautiefenmessger\u00e4te<\/li>\n\n\n\n<li>Optisches Wellenmessger\u00e4t 500 x 120 mm<\/li>\n\n\n\n<li>Fertigungsbegleitende Dokumentation \u00fcber rechnergef\u00fchrtes Qualit\u00e4ts- und Produktions-Management (SPC, Regelkarten, Messreihen)<\/li>\n\n\n\n<li>Laufende PC-gesteuerte Messmittel\u00fcberwachung<\/li>\n\n\n\n<li>Zertifiziertes QM-System nach EN 9001:2008 und 9100:2009<\/li>\n\n\n\n<li>Digitaler Messprojektor<\/li>\n<\/ul>\n\n\n\n<h2 class=\"wp-block-heading\">3D-Koordinatenmessger\u00e4t<\/h2>\n\n\n\n<figure class=\"wp-block-image\"><img decoding=\"async\" src=\"https:\/\/www.apelt-gmbh.de\/images\/apelt\/leistungen\/3d-koordinatenmessgeraet-apelt.jpg\" alt=\"3D-Koordinatenmessger\u00e4t Apelt\" title=\"3D-Koordinatenmessger\u00e4t Apelt\"\/><\/figure>\n\n\n\n<p><a href=\"https:\/\/www.apelt-gmbh.de\/media\/xt-adaptive-images\/2560\/images\/apelt\/leistungen\/3d-koordinatenmessgeraet-apelt-g.jpg\"><\/a><\/p>\n\n\n\n<h2 class=\"wp-block-heading\">&nbsp;Digitaler Messprojektor<\/h2>\n\n\n\n<figure class=\"wp-block-image\"><img decoding=\"async\" src=\"https:\/\/www.apelt-gmbh.de\/images\/apelt\/leistungen\/digitaler-messprojektor-apelt.jpg\" alt=\"Digitaler Messprojektor Apelt\" title=\"Digitaler Messprojektor Apelt\"\/><\/figure>\n","protected":false},"excerpt":{"rendered":"<p>Qualit\u00e4t steht f\u00fcr Apelt an erster Stelle. Sie ist eine Anforderung an uns selbst und eine st\u00e4ndige Herausforderung.<\/p>\n","protected":false},"author":1,"featured_media":266,"parent":10,"menu_order":6,"comment_status":"closed","ping_status":"closed","template":"template-sidebar.php","meta":{"_acf_changed":false,"footnotes":""},"categories":[],"tags":[],"class_list":["post-48","page","type-page","status-publish","has-post-thumbnail","hentry"],"acf":[],"_links":{"self":[{"href":"https:\/\/www.apelt-gmbh.de\/de\/wp-json\/wp\/v2\/pages\/48","targetHints":{"allow":["GET"]}}],"collection":[{"href":"https:\/\/www.apelt-gmbh.de\/de\/wp-json\/wp\/v2\/pages"}],"about":[{"href":"https:\/\/www.apelt-gmbh.de\/de\/wp-json\/wp\/v2\/types\/page"}],"author":[{"embeddable":true,"href":"https:\/\/www.apelt-gmbh.de\/de\/wp-json\/wp\/v2\/users\/1"}],"replies":[{"embeddable":true,"href":"https:\/\/www.apelt-gmbh.de\/de\/wp-json\/wp\/v2\/comments?post=48"}],"version-history":[{"count":4,"href":"https:\/\/www.apelt-gmbh.de\/de\/wp-json\/wp\/v2\/pages\/48\/revisions"}],"predecessor-version":[{"id":358,"href":"https:\/\/www.apelt-gmbh.de\/de\/wp-json\/wp\/v2\/pages\/48\/revisions\/358"}],"up":[{"embeddable":true,"href":"https:\/\/www.apelt-gmbh.de\/de\/wp-json\/wp\/v2\/pages\/10"}],"wp:featuredmedia":[{"embeddable":true,"href":"https:\/\/www.apelt-gmbh.de\/de\/wp-json\/wp\/v2\/media\/266"}],"wp:attachment":[{"href":"https:\/\/www.apelt-gmbh.de\/de\/wp-json\/wp\/v2\/media?parent=48"}],"wp:term":[{"taxonomy":"category","embeddable":true,"href":"https:\/\/www.apelt-gmbh.de\/de\/wp-json\/wp\/v2\/categories?post=48"},{"taxonomy":"post_tag","embeddable":true,"href":"https:\/\/www.apelt-gmbh.de\/de\/wp-json\/wp\/v2\/tags?post=48"}],"curies":[{"name":"wp","href":"https:\/\/api.w.org\/{rel}","templated":true}]}}