{"id":50,"date":"2024-02-25T17:42:41","date_gmt":"2024-02-25T16:42:41","guid":{"rendered":"http:\/\/p662430.webspaceconfig.de\/?page_id=50"},"modified":"2024-03-05T16:29:38","modified_gmt":"2024-03-05T15:29:38","slug":"ausbildung","status":"publish","type":"page","link":"https:\/\/www.apelt-gmbh.de\/de\/leistungen\/ausbildung\/","title":{"rendered":"Ausbildung"},"content":{"rendered":"\n<h1 class=\"wp-block-heading\">Ausbildung<\/h1>\n\n\n\n<p>Apelt ist stets daran interessiert, motivierte und kompetente Nachwuchskr\u00e4fte zu entwickeln. Eine qualifizierte Ausbildung ist der Grundstein f\u00fcr beruflichen Erfolg. Als zukunftsorientiertes Unternehmen stellen wir mit unserem Engagement in Sachen Berufsausbildung sicher, dass auch morgen die qualifizierten Fachkr\u00e4fte f\u00fcr unsere anspruchsvollen Aufgaben zur Verf\u00fcgung stehen.<\/p>\n\n\n\n<h2 class=\"wp-block-heading\">Ausbildung zum Industriemechaniker<\/h2>\n\n\n\n<p>In der Ausbildung zum Industriemechaniker Ger\u00e4te- und Feinwerktechnik absolvierst du das erste Jahr in Vollzeit an der Berufsfachschule Metall. Dort werden dir Kenntnisse und F\u00e4higkeiten vermittelt, die der Grundbildung eines Ausbildungsberufes im Metallgewerbe entsprechen. Im Anschluss folgen weitere 2,5 Jahre im dualen Ausbildungssystem (Berufsschule und Betrieb).<\/p>\n\n\n\n<h3 class=\"wp-block-heading\">Was macht ein Industriemechaniker?<\/h3>\n\n\n\n<p>W\u00e4hrend deiner Ausbildung erlernst du, wie man Werkst\u00fccke f\u00fcr verschiedenste&nbsp;<a href=\"https:\/\/www.apelt-gmbh.de\/de\/branchen\">Branchen<\/a>&nbsp;an hochmodernen CNC-Maschinen herstellt. Au\u00dferdem wird dir gezeigt, wie aus verschiedenen Einzelteilen eine&nbsp;<a href=\"https:\/\/www.apelt-gmbh.de\/de\/leistungen\/baugruppen-montage\">Baugruppe<\/a>&nbsp;montiert wird. Neben diesen Arbeiten erlernst du auch das Programmieren und Bedienen von computergest\u00fctzten Maschinen f\u00fcr die Fertigung.<\/p>\n\n\n\n<p>Um Industriemechaniker zu werden, solltest du Spa\u00df an Mathematik, Deutsch und Physik haben. Auch handwerkliches Geschick, technisches Verst\u00e4ndnis und eine genaue und sorgf\u00e4ltige Arbeitsweise sind f\u00fcr diesen Beruf wichtig. Des Weiteren solltest du Freude an der Planung und systematischem Arbeiten haben.<\/p>\n","protected":false},"excerpt":{"rendered":"<p>Eine qualifizierte Ausbildung ist der Grundstein f\u00fcr beruflichen Erfolg.<\/p>\n","protected":false},"author":1,"featured_media":269,"parent":10,"menu_order":7,"comment_status":"closed","ping_status":"closed","template":"template-sidebar.php","meta":{"_acf_changed":false,"footnotes":""},"categories":[],"tags":[],"class_list":["post-50","page","type-page","status-publish","has-post-thumbnail","hentry"],"acf":[],"_links":{"self":[{"href":"https:\/\/www.apelt-gmbh.de\/de\/wp-json\/wp\/v2\/pages\/50","targetHints":{"allow":["GET"]}}],"collection":[{"href":"https:\/\/www.apelt-gmbh.de\/de\/wp-json\/wp\/v2\/pages"}],"about":[{"href":"https:\/\/www.apelt-gmbh.de\/de\/wp-json\/wp\/v2\/types\/page"}],"author":[{"embeddable":true,"href":"https:\/\/www.apelt-gmbh.de\/de\/wp-json\/wp\/v2\/users\/1"}],"replies":[{"embeddable":true,"href":"https:\/\/www.apelt-gmbh.de\/de\/wp-json\/wp\/v2\/comments?post=50"}],"version-history":[{"count":7,"href":"https:\/\/www.apelt-gmbh.de\/de\/wp-json\/wp\/v2\/pages\/50\/revisions"}],"predecessor-version":[{"id":655,"href":"https:\/\/www.apelt-gmbh.de\/de\/wp-json\/wp\/v2\/pages\/50\/revisions\/655"}],"up":[{"embeddable":true,"href":"https:\/\/www.apelt-gmbh.de\/de\/wp-json\/wp\/v2\/pages\/10"}],"wp:featuredmedia":[{"embeddable":true,"href":"https:\/\/www.apelt-gmbh.de\/de\/wp-json\/wp\/v2\/media\/269"}],"wp:attachment":[{"href":"https:\/\/www.apelt-gmbh.de\/de\/wp-json\/wp\/v2\/media?parent=50"}],"wp:term":[{"taxonomy":"category","embeddable":true,"href":"https:\/\/www.apelt-gmbh.de\/de\/wp-json\/wp\/v2\/categories?post=50"},{"taxonomy":"post_tag","embeddable":true,"href":"https:\/\/www.apelt-gmbh.de\/de\/wp-json\/wp\/v2\/tags?post=50"}],"curies":[{"name":"wp","href":"https:\/\/api.w.org\/{rel}","templated":true}]}}