{"id":52,"date":"2024-02-25T18:42:54","date_gmt":"2024-02-25T17:42:54","guid":{"rendered":"http:\/\/p662430.webspaceconfig.de\/?page_id=52"},"modified":"2024-03-05T16:30:53","modified_gmt":"2024-03-05T15:30:53","slug":"sonstige-leistungen","status":"publish","type":"page","link":"https:\/\/www.apelt-gmbh.de\/de\/leistungen\/sonstige-leistungen\/","title":{"rendered":"Weitere Leistungen"},"content":{"rendered":"\n<h1 class=\"wp-block-heading\">Weitere Leistungen<\/h1>\n\n\n\n<p>Apelt bietet Ihnen alle Prozesse aus einer Hand \u2013 von der Rohmaterialbeschaffung bis hin zur Oberfl\u00e4chenveredelung. Unser Bestreben ist es stets, eng mit unseren Kunden zusammenzuarbeiten, um einbaufertige Teile nach Ihren individuellen W\u00fcnschen unter Zuhilfenahme von qualifizierten Partnerfirmen liefern zu k\u00f6nnen. Nat\u00fcrlich werden dabei vorliegende Lieferantenvorschriften beachtet.<\/p>\n\n\n\n<h2 class=\"wp-block-heading\">Unsere Oberfl\u00e4chenverfahren<\/h2>\n\n\n\n<h3 class=\"wp-block-heading\">Von \u201eA&#8220; wie Anodisieren bis \u201eZ&#8220; wie Zink-Nickel-Beschichten<\/h3>\n\n\n\n<ul class=\"wp-block-list\">\n<li>Anodisieren<\/li>\n\n\n\n<li>Chemisch Vernickeln<\/li>\n\n\n\n<li>Eloxieren<\/li>\n\n\n\n<li>Hartverchromen<\/li>\n\n\n\n<li>Kadmieren\/Grundieren<\/li>\n\n\n\n<li>Passivieren<\/li>\n\n\n\n<li>Versilbern<\/li>\n\n\n\n<li>Xylan-Beschichten<\/li>\n\n\n\n<li>Zink-Nickel-Beschichten<\/li>\n\n\n\n<li>uvm.<\/li>\n<\/ul>\n\n\n\n<h2 class=\"wp-block-heading\">Warmbehandlungen<\/h2>\n\n\n\n<ul class=\"wp-block-list\">\n<li>Randschichth\u00e4rten<\/li>\n\n\n\n<li>Carbonitrieren<\/li>\n\n\n\n<li>Induktivh\u00e4rten<\/li>\n\n\n\n<li>Schutzgash\u00e4rten<\/li>\n\n\n\n<li>Spannungsarm Gl\u00fchen<\/li>\n\n\n\n<li>Entspannen\/Entgasen<\/li>\n\n\n\n<li>uvm.<\/li>\n<\/ul>\n\n\n\n<h2 class=\"wp-block-heading\">Zerst\u00f6rungsfreie Pr\u00fcfungen<\/h2>\n\n\n\n<ul class=\"wp-block-list\">\n<li>Farbeindringpr\u00fcfung (PT)<\/li>\n\n\n\n<li>Magnetpulverpr\u00fcfung (MT)<\/li>\n\n\n\n<li>Nitalpr\u00fcfung<\/li>\n<\/ul>\n\n\n\n<p>Weitere Zusatzleistungen erhalten Sie gerne auf Anfrage.<\/p>\n","protected":false},"excerpt":{"rendered":"<p>Apelt bietet Ihnen alle Prozesse aus einer Hand \u2013 von der Rohmaterialbeschaffung bis hin zur Oberfl\u00e4chenveredelung.<\/p>\n","protected":false},"author":1,"featured_media":272,"parent":10,"menu_order":8,"comment_status":"closed","ping_status":"closed","template":"template-sidebar.php","meta":{"_acf_changed":false,"footnotes":""},"categories":[],"tags":[],"class_list":["post-52","page","type-page","status-publish","has-post-thumbnail","hentry"],"acf":[],"_links":{"self":[{"href":"https:\/\/www.apelt-gmbh.de\/de\/wp-json\/wp\/v2\/pages\/52","targetHints":{"allow":["GET"]}}],"collection":[{"href":"https:\/\/www.apelt-gmbh.de\/de\/wp-json\/wp\/v2\/pages"}],"about":[{"href":"https:\/\/www.apelt-gmbh.de\/de\/wp-json\/wp\/v2\/types\/page"}],"author":[{"embeddable":true,"href":"https:\/\/www.apelt-gmbh.de\/de\/wp-json\/wp\/v2\/users\/1"}],"replies":[{"embeddable":true,"href":"https:\/\/www.apelt-gmbh.de\/de\/wp-json\/wp\/v2\/comments?post=52"}],"version-history":[{"count":5,"href":"https:\/\/www.apelt-gmbh.de\/de\/wp-json\/wp\/v2\/pages\/52\/revisions"}],"predecessor-version":[{"id":656,"href":"https:\/\/www.apelt-gmbh.de\/de\/wp-json\/wp\/v2\/pages\/52\/revisions\/656"}],"up":[{"embeddable":true,"href":"https:\/\/www.apelt-gmbh.de\/de\/wp-json\/wp\/v2\/pages\/10"}],"wp:featuredmedia":[{"embeddable":true,"href":"https:\/\/www.apelt-gmbh.de\/de\/wp-json\/wp\/v2\/media\/272"}],"wp:attachment":[{"href":"https:\/\/www.apelt-gmbh.de\/de\/wp-json\/wp\/v2\/media?parent=52"}],"wp:term":[{"taxonomy":"category","embeddable":true,"href":"https:\/\/www.apelt-gmbh.de\/de\/wp-json\/wp\/v2\/categories?post=52"},{"taxonomy":"post_tag","embeddable":true,"href":"https:\/\/www.apelt-gmbh.de\/de\/wp-json\/wp\/v2\/tags?post=52"}],"curies":[{"name":"wp","href":"https:\/\/api.w.org\/{rel}","templated":true}]}}