{"id":54,"date":"2024-02-25T14:43:57","date_gmt":"2024-02-25T13:43:57","guid":{"rendered":"http:\/\/p662430.webspaceconfig.de\/?page_id=54"},"modified":"2024-02-26T16:50:15","modified_gmt":"2024-02-26T15:50:15","slug":"luft-und-raumfahrt","status":"publish","type":"page","link":"https:\/\/www.apelt-gmbh.de\/de\/branchen\/luft-und-raumfahrt\/","title":{"rendered":"Luft- und Raumfahrt"},"content":{"rendered":"\n<h1 class=\"wp-block-heading\">Luft- und Raumfahrt<\/h1>\n\n\n\n<p>Die Luft- und Raumfahrtindustrie spielt bei Apelt eine wichtige Rolle. Sie z\u00e4hlt im technischen Bereich zu einer der anspruchsvollsten Industrien der Welt. Die hochwertigen Werkstoffe f\u00fcr die Luft- und Raumfahrtindustrie sind schwer zu bearbeiten. Doch Apelt kennt die speziellen&nbsp;Anforderungen der Branche und ist dank jahrelanger Erfahrung der kompetente Ansprechpartner, wenn es um anspruchsvolle Pr\u00e4zisionsteile f\u00fcr die Luft- und Raumfahrt&nbsp;geht.&nbsp;<\/p>\n\n\n\n<h2 class=\"wp-block-heading\">Unsere Komponenten f\u00fcr die Luft- und Raumfahrt<\/h2>\n\n\n\n<p>Apelt fertigt unterschiedliche Komponenten f\u00fcr die Luft- und Raumfahrtindustrie und bedient \u00fcber internationale Tier 1-Lieferanten u.a. folgende Programme:<\/p>\n\n\n\n<ul class=\"wp-block-list\">\n<li>Airbus A320ceo + neo<\/li>\n\n\n\n<li>Airbus A330\/340<\/li>\n\n\n\n<li>Airbus A350<\/li>\n\n\n\n<li>Airbus A380<\/li>\n\n\n\n<li>Airbus A400M<\/li>\n\n\n\n<li>Diverse Helikopterprogramme<\/li>\n<\/ul>\n\n\n\n<p><strong>Dabei liegt der Schwerpunkt auf:<\/strong><\/p>\n\n\n\n<ul class=\"wp-block-list\">\n<li>Komponenten f\u00fcr die Flugsteuerung<\/li>\n\n\n\n<li>Komponenten f\u00fcr Trag- und Fahrwerke<\/li>\n\n\n\n<li>Servohydraulischen Steuerelementen<\/li>\n\n\n\n<li>Getriebekomponenten f\u00fcr Helikopter<\/li>\n<\/ul>\n\n\n\n<h2 class=\"wp-block-heading\">In der Luft- und Raumfahrttechnik kommen ausschlie\u00dflich hochwertige Materialien zum Einsatz<\/h2>\n\n\n\n<p>Alle g\u00e4ngigen Werkstoffe der Luft- und Raumfahrttechnik k\u00f6nnen von Apelt verarbeitet werden und sind st\u00e4ndig am Lager vorr\u00e4tig:<\/p>\n\n\n\n<ul class=\"wp-block-list\">\n<li>1.4545.4 (15-5 PH)<\/li>\n\n\n\n<li>1.4044.6 (Z15CN17-03)<\/li>\n\n\n\n<li>UA 10 N<\/li>\n\n\n\n<li>UA 11 N<\/li>\n\n\n\n<li>3.4364 (AlZnMgCu1,5)<\/li>\n\n\n\n<li>uvm.<\/li>\n<\/ul>\n\n\n\n<h2 class=\"wp-block-heading\">Apelt ist Ihr zuverl\u00e4ssiger Partner f\u00fcr &#8222;Absolute Pr\u00e4zision&#8220; in der Luft- und Raumfahrttechnik<\/h2>\n\n\n\n<p>Apelt fertigt Ihre Teile ausschlie\u00dflich auf hoch pr\u00e4zisen Werkzeugmaschinen. Nat\u00fcrlich arbeiten wir dabei gem\u00e4\u00df DIN EN ISO 9100:2016. Egal ob&nbsp;<a href=\"https:\/\/www.apelt-gmbh.de\/de\/leistungen\/drehen\">Drehteile<\/a>&nbsp;oder&nbsp;<a href=\"https:\/\/www.apelt-gmbh.de\/de\/leistungen\/fraesen\">Fr\u00e4steile<\/a>, Prototyp oder Einzelteil, kleine oder gro\u00dfe Serien&nbsp;\u2013 wir sind Ihr Partner f\u00fcr Pr\u00e4zisionskomponenten mit individuellem Rundum-Service.<\/p>\n\n\n\n<p>Die Basis sind Ihre Daten oder Zeichnungen. Mittels unserer&nbsp;<a href=\"https:\/\/www.apelt-gmbh.de\/de\/leistungen\/cad-cam\">3D-CAD\/CAM-Systeme<\/a>&nbsp;erstellen wir die passgenauen Bearbeitungsprogramme f\u00fcr unsere Werkzeugmaschinen und bearbeiten Ihre Teile entweder 3- oder auch 5-achsig. Ein durchg\u00e4ngiges Fertigungsplanungssystem garantiert dabei die pr\u00e4zise Umsetzung gem\u00e4\u00df Ihrem speziellen Bedarf.<\/p>\n","protected":false},"excerpt":{"rendered":"<p>Die Luft- und Raumfahrtindustrie spielt bei Apelt eine wichtige Rolle. Sie z\u00e4hlt zu einer der anspruchvollsten Industrien der Welt.<\/p>\n","protected":false},"author":1,"featured_media":283,"parent":12,"menu_order":22,"comment_status":"closed","ping_status":"closed","template":"template-sidebar.php","meta":{"_acf_changed":false,"footnotes":""},"categories":[],"tags":[],"class_list":["post-54","page","type-page","status-publish","has-post-thumbnail","hentry"],"acf":[],"_links":{"self":[{"href":"https:\/\/www.apelt-gmbh.de\/de\/wp-json\/wp\/v2\/pages\/54","targetHints":{"allow":["GET"]}}],"collection":[{"href":"https:\/\/www.apelt-gmbh.de\/de\/wp-json\/wp\/v2\/pages"}],"about":[{"href":"https:\/\/www.apelt-gmbh.de\/de\/wp-json\/wp\/v2\/types\/page"}],"author":[{"embeddable":true,"href":"https:\/\/www.apelt-gmbh.de\/de\/wp-json\/wp\/v2\/users\/1"}],"replies":[{"embeddable":true,"href":"https:\/\/www.apelt-gmbh.de\/de\/wp-json\/wp\/v2\/comments?post=54"}],"version-history":[{"count":4,"href":"https:\/\/www.apelt-gmbh.de\/de\/wp-json\/wp\/v2\/pages\/54\/revisions"}],"predecessor-version":[{"id":369,"href":"https:\/\/www.apelt-gmbh.de\/de\/wp-json\/wp\/v2\/pages\/54\/revisions\/369"}],"up":[{"embeddable":true,"href":"https:\/\/www.apelt-gmbh.de\/de\/wp-json\/wp\/v2\/pages\/12"}],"wp:featuredmedia":[{"embeddable":true,"href":"https:\/\/www.apelt-gmbh.de\/de\/wp-json\/wp\/v2\/media\/283"}],"wp:attachment":[{"href":"https:\/\/www.apelt-gmbh.de\/de\/wp-json\/wp\/v2\/media?parent=54"}],"wp:term":[{"taxonomy":"category","embeddable":true,"href":"https:\/\/www.apelt-gmbh.de\/de\/wp-json\/wp\/v2\/categories?post=54"},{"taxonomy":"post_tag","embeddable":true,"href":"https:\/\/www.apelt-gmbh.de\/de\/wp-json\/wp\/v2\/tags?post=54"}],"curies":[{"name":"wp","href":"https:\/\/api.w.org\/{rel}","templated":true}]}}