{"id":56,"date":"2024-02-25T14:44:13","date_gmt":"2024-02-25T13:44:13","guid":{"rendered":"http:\/\/p662430.webspaceconfig.de\/?page_id=56"},"modified":"2024-02-26T16:50:26","modified_gmt":"2024-02-26T15:50:26","slug":"medizintechnik","status":"publish","type":"page","link":"https:\/\/www.apelt-gmbh.de\/de\/branchen\/medizintechnik\/","title":{"rendered":"Medizintechnik"},"content":{"rendered":"\n<h1 class=\"wp-block-heading\">Medizintechnik<\/h1>\n\n\n\n<p>Medizintechnische Teile und Komponenten sind von essentieller Bedeutung f\u00fcr die zuverl\u00e4ssige Funktion vieler Ger\u00e4te und Apparate im OP-Bereich. Apelt-Teile kommen zwar nicht \u201eim\u201c Menschen zum Einsatz, sind aber unverzichtbar f\u00fcr medizintechnische Einrichtungen, die \u201eam\u201c Menschen eingesetzt werden. Wenn es um die Gesundheit \u2013 oder sogar um Leben und Tod \u2013 geht, gibt es keine Toleranz. Da ist absolute Pr\u00e4zision eine Basisanforderung.<\/p>\n\n\n\n<h2 class=\"wp-block-heading\">Unsere Komponenten f\u00fcr die Medizintechnik<\/h2>\n\n\n\n<p>Apelt fertigt unterschiedliche Komponenten f\u00fcr die Medizintechnik.<\/p>\n\n\n\n<h3 class=\"wp-block-heading\">Dabei liegt der Schwerpunkt auf:<\/h3>\n\n\n\n<ul class=\"wp-block-list\">\n<li>Komponenten f\u00fcr die OP-Ausr\u00fcstung<\/li>\n\n\n\n<li>Komponenten f\u00fcr die Allgemeinan\u00e4sthesie<\/li>\n\n\n\n<li>Komponenten f\u00fcr Beatmungsger\u00e4te<\/li>\n\n\n\n<li>Komponenten f\u00fcr zahnmedizinische Ger\u00e4te<\/li>\n<\/ul>\n\n\n\n<p>Alle in der Medizintechnik g\u00e4ngigen Werkstoffe k\u00f6nnen von Apelt verarbeitet und beschafft werden.<\/p>\n\n\n\n<h2 class=\"wp-block-heading\">Apelt ist Ihr zuverl\u00e4ssiger Partner f\u00fcr &#8222;Absolute Pr\u00e4zision&#8220; in der Medizintechnik<\/h2>\n\n\n\n<p>Apelt fertigt medizintechnische Teile ausschlie\u00dflich auf Hochpr\u00e4zisions-Werkzeugmaschinen unter Einhaltung aller g\u00e4ngigen Standards in diesem Bereich. Egal ob&nbsp;<a href=\"https:\/\/www.apelt-gmbh.de\/de\/leistungen\/drehen\">Drehteile<\/a>&nbsp;oder&nbsp;<a href=\"https:\/\/www.apelt-gmbh.de\/de\/leistungen\/fraesen\">Fr\u00e4steile<\/a>, Prototyp oder Einzelteil, kleine oder gro\u00dfe Serien \u2013 wir sind Ihr Partner f\u00fcr Pr\u00e4zisionskomponenten mit individuellem Rundum-Service.<\/p>\n\n\n\n<p>Wir fertigen auf Basis Ihrer Daten oder Zeichnungen. Mittels unserer&nbsp;<a href=\"https:\/\/www.apelt-gmbh.de\/de\/leistungen\/cad-cam\">3D-CAD\/CAM-Systeme<\/a>&nbsp;erstellen wir die passgenauen Bearbeitungsprogramme f\u00fcr unsere Werkzeugmaschinen und bearbeiten Ihre Teile entweder 3- oder auch 5-achsig. Ein durchg\u00e4ngiges Fertigungsplanungssystem garantiert dabei die pr\u00e4zise Umsetzung gem\u00e4\u00df Ihrem speziellen Bedarf.<\/p>\n","protected":false},"excerpt":{"rendered":"<p>Apelt fertigt unverzichtbare medizinische Einrichtungen, die &#8222;am&#8220; Menschen eingesetzt werden.<\/p>\n","protected":false},"author":1,"featured_media":286,"parent":12,"menu_order":21,"comment_status":"closed","ping_status":"closed","template":"template-sidebar.php","meta":{"_acf_changed":false,"footnotes":""},"categories":[],"tags":[],"class_list":["post-56","page","type-page","status-publish","has-post-thumbnail","hentry"],"acf":[],"_links":{"self":[{"href":"https:\/\/www.apelt-gmbh.de\/de\/wp-json\/wp\/v2\/pages\/56","targetHints":{"allow":["GET"]}}],"collection":[{"href":"https:\/\/www.apelt-gmbh.de\/de\/wp-json\/wp\/v2\/pages"}],"about":[{"href":"https:\/\/www.apelt-gmbh.de\/de\/wp-json\/wp\/v2\/types\/page"}],"author":[{"embeddable":true,"href":"https:\/\/www.apelt-gmbh.de\/de\/wp-json\/wp\/v2\/users\/1"}],"replies":[{"embeddable":true,"href":"https:\/\/www.apelt-gmbh.de\/de\/wp-json\/wp\/v2\/comments?post=56"}],"version-history":[{"count":4,"href":"https:\/\/www.apelt-gmbh.de\/de\/wp-json\/wp\/v2\/pages\/56\/revisions"}],"predecessor-version":[{"id":370,"href":"https:\/\/www.apelt-gmbh.de\/de\/wp-json\/wp\/v2\/pages\/56\/revisions\/370"}],"up":[{"embeddable":true,"href":"https:\/\/www.apelt-gmbh.de\/de\/wp-json\/wp\/v2\/pages\/12"}],"wp:featuredmedia":[{"embeddable":true,"href":"https:\/\/www.apelt-gmbh.de\/de\/wp-json\/wp\/v2\/media\/286"}],"wp:attachment":[{"href":"https:\/\/www.apelt-gmbh.de\/de\/wp-json\/wp\/v2\/media?parent=56"}],"wp:term":[{"taxonomy":"category","embeddable":true,"href":"https:\/\/www.apelt-gmbh.de\/de\/wp-json\/wp\/v2\/categories?post=56"},{"taxonomy":"post_tag","embeddable":true,"href":"https:\/\/www.apelt-gmbh.de\/de\/wp-json\/wp\/v2\/tags?post=56"}],"curies":[{"name":"wp","href":"https:\/\/api.w.org\/{rel}","templated":true}]}}