{"id":60,"date":"2024-02-25T14:44:59","date_gmt":"2024-02-25T13:44:59","guid":{"rendered":"http:\/\/p662430.webspaceconfig.de\/?page_id=60"},"modified":"2024-03-04T20:42:44","modified_gmt":"2024-03-04T19:42:44","slug":"mechanical-engineering-and-plant-construction","status":"publish","type":"page","link":"https:\/\/www.apelt-gmbh.de\/de\/branchen\/mechanical-engineering-and-plant-construction\/","title":{"rendered":"Maschinenbau und Anlagenbau"},"content":{"rendered":"\n<h1 class=\"wp-block-heading\">Maschinenbau und Anlagenbau<\/h1>\n\n\n\n<p>In der vielf\u00e4ltigen Welt des Baus von Maschinen und Anlagen f\u00fcr die verschiedenen Industriezweige ist Apelt immer dort gefragt, wo hochpr\u00e4zise Teile und Komponenten gefordert sind. Apelt leistet mit absoluter Pr\u00e4zision seinen Beitrag, damit Getr\u00e4nke in hochmodernen Abf\u00fcllanlagen zuverl\u00e4ssig und hygienisch einwandfrei in die Flaschen kommen, werksinterne Transporte \u201ejust-in-time\u201c funktionieren und Lebensmittel sauber und mengengenau verarbeitet, portioniert und verpackt werden. Denken Sie ruhig an Apelt, wenn Sie das n\u00e4chste Mal ein Bier oder einen Fruchtsaft genie\u00dfen.<\/p>\n\n\n\n<h2 class=\"wp-block-heading\">Unsere Komponenten f\u00fcr den Maschinenbau und Anlagenbau<\/h2>\n\n\n\n<p>Apelt fertigt unterschiedliche Komponenten f\u00fcr den Maschinenbau und Anlagenbau.<\/p>\n\n\n\n<h3 class=\"wp-block-heading\">Dabei liegt der Schwerpunkt auf:<\/h3>\n\n\n\n<ul class=\"wp-block-list\">\n<li>Komponenten f\u00fcr Abf\u00fcllanlagen<\/li>\n\n\n\n<li>Komponenten f\u00fcr Transportb\u00e4nder\/F\u00f6rderb\u00e4nder<\/li>\n\n\n\n<li>Komponenten f\u00fcr Getriebeteile<\/li>\n\n\n\n<li>Komponenten f\u00fcr Baumaschinen<\/li>\n\n\n\n<li>Komponenten f\u00fcr Kompressoren<\/li>\n<\/ul>\n\n\n\n<h2 class=\"wp-block-heading\">Apelt fertigt Teile von absoluter Pr\u00e4zision&nbsp;\u2013 in allen Materialien, die im Maschinenbau und Anlagenbau gefordert sind<\/h2>\n\n\n\n<p>Fast alle g\u00e4ngigen Materialien, die im Maschinenbau und im Bau von einfachen und komplexen Industrieanlagen zum Einsatz kommen, haben wir st\u00e4ndig am Lager vorr\u00e4tig.<\/p>\n\n\n\n<p>Wir unterst\u00fctzen Sie beim Prototypenbau, verarbeiten Ihre gestellten&nbsp;<a href=\"https:\/\/www.apelt-gmbh.de\/de\/leistungen\/cad-cam\">CAD<\/a>-Daten und liefern Ihnen zuverl\u00e4ssig und termingerecht&nbsp;<a href=\"https:\/\/www.apelt-gmbh.de\/de\/leistungen\/drehen\">Drehteile<\/a>,&nbsp;<a href=\"https:\/\/www.apelt-gmbh.de\/de\/leistungen\/fraesen\">Fr\u00e4steile<\/a>,&nbsp;<a href=\"https:\/\/www.apelt-gmbh.de\/de\/leistungen\/baugruppen-montage\">Baugruppen<\/a>&nbsp;und vieles mehr \u2013 auf Wunsch mit allen erdenklichen Veredelungen, Zusatzarbeiten und Serviceleistungen.<\/p>\n","protected":false},"excerpt":{"rendered":"<p>Hochpr\u00e4zise Teile und Komponenten f\u00fcr den Maschinen- und Anlagenbau.<\/p>\n","protected":false},"author":1,"featured_media":292,"parent":12,"menu_order":10,"comment_status":"closed","ping_status":"closed","template":"template-sidebar.php","meta":{"_acf_changed":false,"footnotes":""},"categories":[],"tags":[],"class_list":["post-60","page","type-page","status-publish","has-post-thumbnail","hentry"],"acf":[],"_links":{"self":[{"href":"https:\/\/www.apelt-gmbh.de\/de\/wp-json\/wp\/v2\/pages\/60","targetHints":{"allow":["GET"]}}],"collection":[{"href":"https:\/\/www.apelt-gmbh.de\/de\/wp-json\/wp\/v2\/pages"}],"about":[{"href":"https:\/\/www.apelt-gmbh.de\/de\/wp-json\/wp\/v2\/types\/page"}],"author":[{"embeddable":true,"href":"https:\/\/www.apelt-gmbh.de\/de\/wp-json\/wp\/v2\/users\/1"}],"replies":[{"embeddable":true,"href":"https:\/\/www.apelt-gmbh.de\/de\/wp-json\/wp\/v2\/comments?post=60"}],"version-history":[{"count":6,"href":"https:\/\/www.apelt-gmbh.de\/de\/wp-json\/wp\/v2\/pages\/60\/revisions"}],"predecessor-version":[{"id":575,"href":"https:\/\/www.apelt-gmbh.de\/de\/wp-json\/wp\/v2\/pages\/60\/revisions\/575"}],"up":[{"embeddable":true,"href":"https:\/\/www.apelt-gmbh.de\/de\/wp-json\/wp\/v2\/pages\/12"}],"wp:featuredmedia":[{"embeddable":true,"href":"https:\/\/www.apelt-gmbh.de\/de\/wp-json\/wp\/v2\/media\/292"}],"wp:attachment":[{"href":"https:\/\/www.apelt-gmbh.de\/de\/wp-json\/wp\/v2\/media?parent=60"}],"wp:term":[{"taxonomy":"category","embeddable":true,"href":"https:\/\/www.apelt-gmbh.de\/de\/wp-json\/wp\/v2\/categories?post=60"},{"taxonomy":"post_tag","embeddable":true,"href":"https:\/\/www.apelt-gmbh.de\/de\/wp-json\/wp\/v2\/tags?post=60"}],"curies":[{"name":"wp","href":"https:\/\/api.w.org\/{rel}","templated":true}]}}