{"id":796,"date":"2024-02-26T16:52:27","date_gmt":"2024-02-26T15:52:27","guid":{"rendered":"https:\/\/www.apelt-gmbh.de\/karriere-de\/1-cnc-dreher-m-w-d-2\/"},"modified":"2026-02-17T09:39:17","modified_gmt":"2026-02-17T08:39:17","slug":"ausbildung-industriemechaniker","status":"publish","type":"page","link":"https:\/\/www.apelt-gmbh.de\/de\/karriere-de\/ausbildung-industriemechaniker\/","title":{"rendered":"Ausbildung Industriemechaniker\u00a0(m\/w\/d)"},"content":{"rendered":"\n<p>\u00dcber 60 Jahre G\u00fcnter Apelt GmbH. Aus kleinsten Anf\u00e4ngen heraus hat sich ein Unternehmen entwickelt, das in vielen Branchen f\u00fcr seine Pr\u00e4zision und Zuverl\u00e4ssigkeit bekannt ist.<br><br>L\u00f6se mit Deiner Bewerbung Deine Eintrittskarte f\u00fcr eine<\/p>\n\n\n\n<h1 class=\"wp-block-heading\">Ausbildung zum Industriemechaniker&nbsp;(m\/w\/d) &#8211; Start 2026<\/h1>\n\n\n\n<p>Nachdem du Dir die Grundkenntnisse der Metallbearbeitung angeeignet hast, bringen wir dir bei, wie du modernste CNC-Anlagen einrichtest, um komplexe Bauteile nach Zeichnung herstellen und pr\u00fcfen zu k\u00f6nnen.<\/p>\n\n\n\n<p>Um dich w\u00e4hrend deiner 3, 5-j\u00e4hrigen Ausbildung bestens auf dein sp\u00e4teres Berufsleben vorzubereiten, betreuen wir dich sowohl in unserer Lehrwerkstatt durch unseren Ausbilder, als auch in unserer Fertigung durch ein Team ausgebildeter Spezialisten.<\/p>\n\n\n\n<h3 class=\"wp-block-heading\">Was du mitbringen solltest:<\/h3>\n\n\n\n<ul class=\"wp-block-list\">\n<li>Hauptschulabschluss oder Mittlere Reife<\/li>\n\n\n\n<li>Handwerkliche Begabung<\/li>\n\n\n\n<li>Technisches Verst\u00e4ndnis<\/li>\n\n\n\n<li>Sorgf\u00e4ltige und gewissenhafte Arbeitsweise<\/li>\n\n\n\n<li>Spa\u00df an der Arbeit im Team<\/li>\n<\/ul>\n\n\n\n<h3 class=\"wp-block-heading\">Bist du interessiert?<\/h3>\n\n\n\n<p>Dann w\u00fcrden wir dich gerne kennenlernen.<\/p>\n\n\n\n<p>Sende uns einfach eine E-Mail an: <a href=\"mailto:bewerbung@apelt-gmbh.de\">bewerbung@apelt-gmbh.de<\/a><\/p>\n\n\n\n<p><strong>G\u00fcnter Apelt GmbH<\/strong><br>Robert-Bosch-Stra\u00dfe 13<br>72348 Rosenfeld<\/p>\n\n\n\n<p>Tel. +49 7428 9388-0<\/p>\n\n\n\n<p><a href=\"\/wp-content\/uploads\/2026\/02\/apelt-ausbildung-industriemechaniker.pdf\" target=\"_blank\" rel=\"noreferrer noopener\">Stellenanzeige als PDF<\/a>\u00a0<\/p>\n\n\n\n<div style=\"height:75px\" aria-hidden=\"true\" class=\"wp-block-spacer\"><\/div>\n\n\n\n<p><a href=\"\/de\/karriere-de\/\" data-type=\"page\" data-id=\"14\">Zur\u00fcck zur \u00dcbersicht<\/a><\/p>\n","protected":false},"excerpt":{"rendered":"<p>L\u00f6sen Sie Ihre Eintrittskarte in ein junges, dynamisches Team.<\/p>\n","protected":false},"author":2,"featured_media":514,"parent":14,"menu_order":8,"comment_status":"closed","ping_status":"closed","template":"template-karriere.php","meta":{"_acf_changed":false,"footnotes":""},"categories":[],"tags":[],"class_list":["post-796","page","type-page","status-publish","has-post-thumbnail","hentry"],"acf":[],"_links":{"self":[{"href":"https:\/\/www.apelt-gmbh.de\/de\/wp-json\/wp\/v2\/pages\/796","targetHints":{"allow":["GET"]}}],"collection":[{"href":"https:\/\/www.apelt-gmbh.de\/de\/wp-json\/wp\/v2\/pages"}],"about":[{"href":"https:\/\/www.apelt-gmbh.de\/de\/wp-json\/wp\/v2\/types\/page"}],"author":[{"embeddable":true,"href":"https:\/\/www.apelt-gmbh.de\/de\/wp-json\/wp\/v2\/users\/2"}],"replies":[{"embeddable":true,"href":"https:\/\/www.apelt-gmbh.de\/de\/wp-json\/wp\/v2\/comments?post=796"}],"version-history":[{"count":2,"href":"https:\/\/www.apelt-gmbh.de\/de\/wp-json\/wp\/v2\/pages\/796\/revisions"}],"predecessor-version":[{"id":802,"href":"https:\/\/www.apelt-gmbh.de\/de\/wp-json\/wp\/v2\/pages\/796\/revisions\/802"}],"up":[{"embeddable":true,"href":"https:\/\/www.apelt-gmbh.de\/de\/wp-json\/wp\/v2\/pages\/14"}],"wp:featuredmedia":[{"embeddable":true,"href":"https:\/\/www.apelt-gmbh.de\/de\/wp-json\/wp\/v2\/media\/514"}],"wp:attachment":[{"href":"https:\/\/www.apelt-gmbh.de\/de\/wp-json\/wp\/v2\/media?parent=796"}],"wp:term":[{"taxonomy":"category","embeddable":true,"href":"https:\/\/www.apelt-gmbh.de\/de\/wp-json\/wp\/v2\/categories?post=796"},{"taxonomy":"post_tag","embeddable":true,"href":"https:\/\/www.apelt-gmbh.de\/de\/wp-json\/wp\/v2\/tags?post=796"}],"curies":[{"name":"wp","href":"https:\/\/api.w.org\/{rel}","templated":true}]}}