{"id":8,"date":"2024-02-25T14:35:55","date_gmt":"2024-02-25T13:35:55","guid":{"rendered":"http:\/\/p662430.webspaceconfig.de\/?page_id=8"},"modified":"2024-03-05T16:19:29","modified_gmt":"2024-03-05T15:19:29","slug":"unternehmen","status":"publish","type":"page","link":"https:\/\/www.apelt-gmbh.de\/de\/unternehmen\/","title":{"rendered":"Unternehmen"},"content":{"rendered":"<section class=\"module-heroimage\">\r\n                <img loading=\"lazy\" decoding=\"async\" width=\"2543\" height=\"669\" src=\"https:\/\/www.apelt-gmbh.de\/wp-content\/uploads\/2024\/02\/unternehmen-apelt-g.webp\" class=\"attachment-full size-full\" alt=\"\" srcset=\"https:\/\/www.apelt-gmbh.de\/wp-content\/uploads\/2024\/02\/unternehmen-apelt-g.webp 2543w, https:\/\/www.apelt-gmbh.de\/wp-content\/uploads\/2024\/02\/unternehmen-apelt-g-300x79.webp 300w, https:\/\/www.apelt-gmbh.de\/wp-content\/uploads\/2024\/02\/unternehmen-apelt-g-1024x269.webp 1024w, https:\/\/www.apelt-gmbh.de\/wp-content\/uploads\/2024\/02\/unternehmen-apelt-g-768x202.webp 768w, https:\/\/www.apelt-gmbh.de\/wp-content\/uploads\/2024\/02\/unternehmen-apelt-g-1536x404.webp 1536w, https:\/\/www.apelt-gmbh.de\/wp-content\/uploads\/2024\/02\/unternehmen-apelt-g-2048x539.webp 2048w\" sizes=\"auto, (max-width: 2543px) 100vw, 2543px\" \/>        <\/section>\n\n<section class=\"module-boxes_parent\">\r\n    <div class=\"container\">\r\n                <div class=\"row\">\r\n            <div class=\"col-md-12\">\r\n            <nav class=\"breadcrumb\"><a href=\"https:\/\/www.apelt-gmbh.de\/de\/\">Startseite<\/a> &nbsp;\/&nbsp; <span class=\"current-page\">Seite<\/span><\/nav>            <\/div>\r\n        <\/div>\r\n                        <div class=\"row\">\r\n            <div class=\"col-md-12\">\r\n                <h1>Unternehmen<\/h1>\r\n            <\/div>\r\n        <\/div>\r\n                <div class=\"row\">\r\n            <div class=\"col-md-12\">\r\n            \r\n                                    <div class=\"row\">\r\n                                            <div class=\"col-12 col-xxl-6\">\r\n                            <div class=\"box-parent\">\r\n                              \r\n                                <div class=\"image\">\r\n                                    <img loading=\"lazy\" decoding=\"async\" width=\"270\" height=\"290\" src=\"https:\/\/www.apelt-gmbh.de\/wp-content\/uploads\/2024\/02\/ueber-uns-apelt-k.jpg\" class=\"attachment-full size-full\" alt=\"\" \/>                                <\/div>\r\n                                <div class=\"text-box\">\r\n                                    <div class=\"text\">\r\n                                        <h2>\u00dcber uns<\/h2>\r\n                                        <p>Apelt ist Ihr Ansprechpartner f\u00fcr Pr\u00e4zisionsteile in den Bereichen Luft- und Raumfahrt, Hydraulik, Maschinenbau uvm.<\/p>\r\n                                    <\/div>\r\n                                    <div class=\"link\">\r\n                                        <a href=\"https:\/\/www.apelt-gmbh.de\/de\/unternehmen\/ueber-uns\/\">Mehr<\/a>\r\n                                    <\/div>\r\n                                <\/div>\r\n                            <\/div>\r\n                        <\/div>\r\n                                                <div class=\"col-12 col-xxl-6\">\r\n                            <div class=\"box-parent\">\r\n                              \r\n                                <div class=\"image\">\r\n                                    <img loading=\"lazy\" decoding=\"async\" width=\"270\" height=\"290\" src=\"https:\/\/www.apelt-gmbh.de\/wp-content\/uploads\/2024\/02\/unternehmenswerte-apelt-k.jpg\" class=\"attachment-full size-full\" alt=\"\" \/>                                <\/div>\r\n                                <div class=\"text-box\">\r\n                                    <div class=\"text\">\r\n                                        <h2>Unternehmenswerte<\/h2>\r\n                                        <p>Pr\u00e4zision auf gleichbleibend hohem Niveau, umfassender Service und ein Kundenkreis mit au\u00dfergew\u00f6hnlichen Aufgaben.<\/p>\r\n                                    <\/div>\r\n                                    <div class=\"link\">\r\n                                        <a href=\"https:\/\/www.apelt-gmbh.de\/de\/unternehmen\/unternehmenswerte\/\">Mehr<\/a>\r\n                                    <\/div>\r\n                                <\/div>\r\n                            <\/div>\r\n                        <\/div>\r\n                                                <div class=\"col-12 col-xxl-6\">\r\n                            <div class=\"box-parent\">\r\n                              \r\n                                <div class=\"image\">\r\n                                    <img loading=\"lazy\" decoding=\"async\" width=\"270\" height=\"290\" src=\"https:\/\/www.apelt-gmbh.de\/wp-content\/uploads\/2024\/02\/unternehmensstrategie-apelt-k.jpg\" class=\"attachment-full size-full\" alt=\"\" \/>                                <\/div>\r\n                                <div class=\"text-box\">\r\n                                    <div class=\"text\">\r\n                                        <h2>Strategie<\/h2>\r\n                                        <p>Wir sind ein mittelst\u00e4ndischer Anbieter von Einzelteilen und Baugruppen f\u00fcr anspruchsvolle Branchen.<\/p>\r\n                                    <\/div>\r\n                                    <div class=\"link\">\r\n                                        <a href=\"https:\/\/www.apelt-gmbh.de\/de\/unternehmen\/strategie\/\">Mehr<\/a>\r\n                                    <\/div>\r\n                                <\/div>\r\n                            <\/div>\r\n                        <\/div>\r\n                                                <div class=\"col-12 col-xxl-6\">\r\n                            <div class=\"box-parent\">\r\n                              \r\n                                <div class=\"image\">\r\n                                    <img loading=\"lazy\" decoding=\"async\" width=\"270\" height=\"290\" src=\"https:\/\/www.apelt-gmbh.de\/wp-content\/uploads\/2024\/02\/unternehmenspolitik-apelt-k.jpg\" class=\"attachment-full size-full\" alt=\"\" \/>                                <\/div>\r\n                                <div class=\"text-box\">\r\n                                    <div class=\"text\">\r\n                                        <h2>Unternehmenspolitik<\/h2>\r\n                                        <p>Traditionelle Werte wie Zuverl\u00e4ssigkeit, Fairness und Verantwortung sind feste Bestandteile unserer Unternehmensrichtlinien.<\/p>\r\n                                    <\/div>\r\n                                    <div class=\"link\">\r\n                                        <a href=\"https:\/\/www.apelt-gmbh.de\/de\/unternehmen\/unternehmenspolitik\/\">Mehr<\/a>\r\n                                    <\/div>\r\n                                <\/div>\r\n                            <\/div>\r\n                        <\/div>\r\n                                                <div class=\"col-12 col-xxl-6\">\r\n                            <div class=\"box-parent\">\r\n                              \r\n                                <div class=\"image\">\r\n                                    <img loading=\"lazy\" decoding=\"async\" width=\"270\" height=\"290\" src=\"https:\/\/www.apelt-gmbh.de\/wp-content\/uploads\/2024\/02\/umweltpolitik-apelt-k.jpg\" class=\"attachment-full size-full\" alt=\"\" \/>                                <\/div>\r\n                                <div class=\"text-box\">\r\n                                    <div class=\"text\">\r\n                                        <h2>Umweltpolitik<\/h2>\r\n                                        <p>Umweltschutz liegt uns am Herzen.<\/p>\r\n                                    <\/div>\r\n                                    <div class=\"link\">\r\n                                        <a href=\"https:\/\/www.apelt-gmbh.de\/de\/unternehmen\/umweltpolitik\/\">Mehr<\/a>\r\n                                    <\/div>\r\n                                <\/div>\r\n                            <\/div>\r\n                        <\/div>\r\n                                                <div class=\"col-12 col-xxl-6\">\r\n                            <div class=\"box-parent\">\r\n                              \r\n                                <div class=\"image\">\r\n                                    <img loading=\"lazy\" decoding=\"async\" width=\"270\" height=\"290\" src=\"https:\/\/www.apelt-gmbh.de\/wp-content\/uploads\/2024\/02\/zertifizierungen-apelt-k.jpg\" class=\"attachment-full size-full\" alt=\"\" \/>                                <\/div>\r\n                                <div class=\"text-box\">\r\n                                    <div class=\"text\">\r\n                                        <h2>Zertifizierungen<\/h2>\r\n                                        <p>Qualit\u00e4tssicherung wird bei Apelt naturgem\u00e4\u00df gro\u00dfgeschrieben.<\/p>\r\n                                    <\/div>\r\n                                    <div class=\"link\">\r\n                                        <a href=\"https:\/\/www.apelt-gmbh.de\/de\/unternehmen\/zertifizierungen\/\">Mehr<\/a>\r\n                                    <\/div>\r\n                                <\/div>\r\n                            <\/div>\r\n                        <\/div>\r\n                                                <div class=\"col-12 col-xxl-6\">\r\n                            <div class=\"box-parent\">\r\n                              \r\n                                <div class=\"image\">\r\n                                    <img loading=\"lazy\" decoding=\"async\" width=\"270\" height=\"290\" src=\"https:\/\/www.apelt-gmbh.de\/wp-content\/uploads\/2024\/02\/mitgliedschaften-apelt-k.jpg\" class=\"attachment-full size-full\" alt=\"\" \/>                                <\/div>\r\n                                <div class=\"text-box\">\r\n                                    <div class=\"text\">\r\n                                        <h2>Mitgliedschaften<\/h2>\r\n                                        <p>Um am Markt erfolgreich zu sein, geh\u00f6rt ein stetiger Austausch zwischen verschiedenen namhaften Verb\u00e4nden und Partnern zum Alltag.<\/p>\r\n                                    <\/div>\r\n                                    <div class=\"link\">\r\n                                        <a href=\"https:\/\/www.apelt-gmbh.de\/de\/unternehmen\/mitgliedschaften\/\">Mehr<\/a>\r\n                                    <\/div>\r\n                                <\/div>\r\n                            <\/div>\r\n                        <\/div>\r\n                                                <div class=\"col-12 col-xxl-6\">\r\n                            <div class=\"box-parent\">\r\n                              \r\n                                <div class=\"image\">\r\n                                    <img loading=\"lazy\" decoding=\"async\" width=\"270\" height=\"290\" src=\"https:\/\/www.apelt-gmbh.de\/wp-content\/uploads\/2024\/02\/downloads-apelt-k.jpg\" class=\"attachment-full size-full\" alt=\"\" \/>                                <\/div>\r\n                                <div class=\"text-box\">\r\n                                    <div class=\"text\">\r\n                                        <h2>Downloads<\/h2>\r\n                                        <p>Hier erhalten Sie alle wichtigen Dokumente auf einen Klick.<\/p>\r\n                                    <\/div>\r\n                                    <div class=\"link\">\r\n                                        <a href=\"https:\/\/www.apelt-gmbh.de\/de\/unternehmen\/downloads\/\">Mehr<\/a>\r\n                                    <\/div>\r\n                                <\/div>\r\n                            <\/div>\r\n                        <\/div>\r\n                                            <\/div>\r\n                                <\/div>\r\n        <\/div>\r\n    <\/div>\r\n<\/div>\r\n<\/section>","protected":false},"excerpt":{"rendered":"","protected":false},"author":1,"featured_media":0,"parent":0,"menu_order":24,"comment_status":"closed","ping_status":"closed","template":"","meta":{"_acf_changed":false,"footnotes":""},"categories":[],"tags":[],"class_list":["post-8","page","type-page","status-publish","hentry"],"acf":[],"_links":{"self":[{"href":"https:\/\/www.apelt-gmbh.de\/de\/wp-json\/wp\/v2\/pages\/8","targetHints":{"allow":["GET"]}}],"collection":[{"href":"https:\/\/www.apelt-gmbh.de\/de\/wp-json\/wp\/v2\/pages"}],"about":[{"href":"https:\/\/www.apelt-gmbh.de\/de\/wp-json\/wp\/v2\/types\/page"}],"author":[{"embeddable":true,"href":"https:\/\/www.apelt-gmbh.de\/de\/wp-json\/wp\/v2\/users\/1"}],"replies":[{"embeddable":true,"href":"https:\/\/www.apelt-gmbh.de\/de\/wp-json\/wp\/v2\/comments?post=8"}],"version-history":[{"count":6,"href":"https:\/\/www.apelt-gmbh.de\/de\/wp-json\/wp\/v2\/pages\/8\/revisions"}],"predecessor-version":[{"id":654,"href":"https:\/\/www.apelt-gmbh.de\/de\/wp-json\/wp\/v2\/pages\/8\/revisions\/654"}],"wp:attachment":[{"href":"https:\/\/www.apelt-gmbh.de\/de\/wp-json\/wp\/v2\/media?parent=8"}],"wp:term":[{"taxonomy":"category","embeddable":true,"href":"https:\/\/www.apelt-gmbh.de\/de\/wp-json\/wp\/v2\/categories?post=8"},{"taxonomy":"post_tag","embeddable":true,"href":"https:\/\/www.apelt-gmbh.de\/de\/wp-json\/wp\/v2\/tags?post=8"}],"curies":[{"name":"wp","href":"https:\/\/api.w.org\/{rel}","templated":true}]}}